{"id":27953,"date":"2025-06-27T11:21:17","date_gmt":"2025-06-27T09:21:17","guid":{"rendered":"https:\/\/www.pumps-valves.ch\/besucher-app\/"},"modified":"2025-07-31T15:15:55","modified_gmt":"2025-07-31T13:15:55","slug":"application","status":"publish","type":"page","link":"https:\/\/www.pumps-valves.ch\/fr\/application\/","title":{"rendered":"Besucher App"},"content":{"rendered":"\t\t<div data-elementor-type=\"wp-page\" data-elementor-id=\"27953\" class=\"elementor elementor-27953 elementor-27948\" data-elementor-post-type=\"page\">\n\t\t\t\t\t\t<section class=\"elementor-section elementor-top-section elementor-element elementor-element-71dde7af elementor-section-boxed elementor-section-height-default elementor-section-height-default\" data-id=\"71dde7af\" data-element_type=\"section\" data-settings=\"{&quot;background_background&quot;:&quot;classic&quot;}\">\n\t\t\t\t\t\t<div class=\"elementor-container elementor-column-gap-default\">\n\t\t\t\t\t<div class=\"elementor-column elementor-col-100 elementor-top-column elementor-element elementor-element-27e3e3fa\" data-id=\"27e3e3fa\" data-element_type=\"column\">\n\t\t\t<div class=\"elementor-widget-wrap elementor-element-populated\">\n\t\t\t\t\t\t<div class=\"elementor-element elementor-element-55255b99 elementor-invisible elementor-widget elementor-widget-text-editor\" data-id=\"55255b99\" data-element_type=\"widget\" data-settings=\"{&quot;_animation&quot;:&quot;zoomIn&quot;}\" data-widget_type=\"text-editor.default\">\n\t\t\t\t<div class=\"elementor-widget-container\">\n\t\t\t\t\t\t\t\t\t<h1>L&rsquo;application du salon :\r\nUne exp\u00e9rience optimale gr\u00e2ce \u00e0 l&rsquo;application du salon<\/h1>\t\t\t\t\t\t\t\t<\/div>\n\t\t\t\t<\/div>\n\t\t\t\t<div class=\"elementor-element elementor-element-53d76684 elementor-widget elementor-widget-text-editor\" data-id=\"53d76684\" data-element_type=\"widget\" data-widget_type=\"text-editor.default\">\n\t\t\t\t<div class=\"elementor-widget-container\">\n\t\t\t\t\t\t\t\t\t<p>Nous sommes heureux de vous pr\u00e9senter notre nouvelle application d\u00e9di\u00e9e au salon et ses nombreuses fonctionnalit\u00e9s qui optimiseront votre exp\u00e9rience en tant que visiteur avant, pendant et apr\u00e8s le salon !<\/p>\n<p>Plus qu&rsquo;un simple outil de planification, cette application deviendra votre assistant personnel et vous offrira une exp\u00e9rience efficace d\u00e8s la pr\u00e9paration de votre visite, pendant celle-ci et m\u00eame apr\u00e8s le salon.<\/p>\n\t\t\t\t\t\t\t\t<\/div>\n\t\t\t\t<\/div>\n\t\t\t\t<div class=\"elementor-element elementor-element-35c799dc elementor-align-center elementor-widget elementor-widget-button\" data-id=\"35c799dc\" data-element_type=\"widget\" data-widget_type=\"button.default\">\n\t\t\t\t<div class=\"elementor-widget-container\">\n\t\t\t\t\t\t\t\t\t<div class=\"elementor-button-wrapper\">\n\t\t\t\t\t<a class=\"elementor-button elementor-button-link elementor-size-sm\" href=\"mailto:marketing.ch@easyfairs.com\">\n\t\t\t\t\t\t<span class=\"elementor-button-content-wrapper\">\n\t\t\t\t\t\t<span class=\"elementor-button-icon\">\n\t\t\t\t<i aria-hidden=\"true\" class=\"fas fa-long-arrow-alt-right\"><\/i>\t\t\t<\/span>\n\t\t\t\t\t\t\t\t\t<span class=\"elementor-button-text\">Votre Contact<\/span>\n\t\t\t\t\t<\/span>\n\t\t\t\t\t<\/a>\n\t\t\t\t<\/div>\n\t\t\t\t\t\t\t\t<\/div>\n\t\t\t\t<\/div>\n\t\t\t\t\t<\/div>\n\t\t<\/div>\n\t\t\t\t\t<\/div>\n\t\t<\/section>\n\t\t\t\t<section class=\"elementor-section elementor-top-section elementor-element elementor-element-5ea997da elementor-section-boxed elementor-section-height-default elementor-section-height-default\" data-id=\"5ea997da\" data-element_type=\"section\">\n\t\t\t\t\t\t<div class=\"elementor-container elementor-column-gap-default\">\n\t\t\t\t\t<div class=\"elementor-column elementor-col-50 elementor-top-column elementor-element elementor-element-4b99c594\" data-id=\"4b99c594\" data-element_type=\"column\" data-settings=\"{&quot;background_background&quot;:&quot;classic&quot;}\">\n\t\t\t<div class=\"elementor-widget-wrap elementor-element-populated\">\n\t\t\t\t\t\t<div class=\"elementor-element elementor-element-ac18465 elementor-widget elementor-widget-heading\" data-id=\"ac18465\" data-element_type=\"widget\" data-widget_type=\"heading.default\">\n\t\t\t\t<div class=\"elementor-widget-container\">\n\t\t\t\t\t<h2 class=\"elementor-heading-title elementor-size-default\">Vos avantages<\/h2>\t\t\t\t<\/div>\n\t\t\t\t<\/div>\n\t\t\t\t<div class=\"elementor-element elementor-element-743be0fa elementor-widget elementor-widget-text-editor\" data-id=\"743be0fa\" data-element_type=\"widget\" data-widget_type=\"text-editor.default\">\n\t\t\t\t<div class=\"elementor-widget-container\">\n\t\t\t\t\t\t\t\t\t<ol>\n<li>R\u00e9seautage optimal : entrez facilement en contact avec des professionnels int\u00e9ressants. Qu&rsquo;il s&rsquo;agisse de visiteurs, de personnel de stand, d&rsquo;entreprises ou de conf\u00e9renciers.<br \/>\nLe r\u00e9seautage est possible \u00e0 tout moment gr\u00e2ce \u00e0 l&rsquo;application.<br \/>\nPlanification efficace des rendez-vous : l&rsquo;application vous aide \u00e0 communiquer et \u00e0 planifier vos rendez-vous.<br \/>\nRestez organis\u00e9 pour ne rien manquer : gardez une vue d&rsquo;ensemble de votre emploi du temps, de vos rendez-vous et des conf\u00e9rences qui vous int\u00e9ressent.<br \/>\nToujours \u00e0 jour : vous recevez des mises \u00e0 jour et des notifications en temps r\u00e9el sur les \u00e9v\u00e9nements.<br \/>\nExp\u00e9rience personnalis\u00e9e : profitez des suggestions sur mesure pour adapter votre visite du salon \u00e0 vos objectifs individuels.<\/li>\n<\/ol>\n\t\t\t\t\t\t\t\t<\/div>\n\t\t\t\t<\/div>\n\t\t\t\t\t<\/div>\n\t\t<\/div>\n\t\t\t\t<div class=\"elementor-column elementor-col-50 elementor-top-column elementor-element elementor-element-707417fe\" data-id=\"707417fe\" data-element_type=\"column\" data-settings=\"{&quot;background_background&quot;:&quot;classic&quot;}\">\n\t\t\t<div class=\"elementor-widget-wrap elementor-element-populated\">\n\t\t\t\t\t\t<div class=\"elementor-element elementor-element-580cfcdd elementor-widget elementor-widget-image\" data-id=\"580cfcdd\" data-element_type=\"widget\" data-widget_type=\"image.default\">\n\t\t\t\t<div class=\"elementor-widget-container\">\n\t\t\t\t\t\t\t\t\t\t\t\t\t\t\t<img fetchpriority=\"high\" decoding=\"async\" width=\"200\" height=\"300\" src=\"https:\/\/easyfairsassets.com\/sites\/93\/2025\/06\/App_Bild_Gleanin_Indu_DE-200x300.png\" class=\"attachment-medium size-medium wp-image-27956\" alt=\"\" srcset=\"https:\/\/easyfairsassets.com\/sites\/93\/2025\/06\/App_Bild_Gleanin_Indu_DE-200x300.png 200w, https:\/\/easyfairsassets.com\/sites\/93\/2025\/06\/App_Bild_Gleanin_Indu_DE.png 400w\" sizes=\"(max-width: 200px) 100vw, 200px\" \/>\t\t\t\t\t\t\t\t\t\t\t\t\t\t\t<\/div>\n\t\t\t\t<\/div>\n\t\t\t\t\t<\/div>\n\t\t<\/div>\n\t\t\t\t\t<\/div>\n\t\t<\/section>\n\t\t\t\t<section class=\"elementor-section elementor-top-section elementor-element elementor-element-39017ae0 elementor-section-boxed elementor-section-height-default elementor-section-height-default\" data-id=\"39017ae0\" data-element_type=\"section\">\n\t\t\t\t\t\t<div class=\"elementor-container elementor-column-gap-default\">\n\t\t\t\t\t<div class=\"elementor-column elementor-col-100 elementor-top-column elementor-element elementor-element-4caad6d\" data-id=\"4caad6d\" data-element_type=\"column\" data-settings=\"{&quot;background_background&quot;:&quot;classic&quot;}\">\n\t\t\t<div class=\"elementor-widget-wrap elementor-element-populated\">\n\t\t\t\t\t\t<div class=\"elementor-element elementor-element-4fe11b4f elementor-widget elementor-widget-heading\" data-id=\"4fe11b4f\" data-element_type=\"widget\" data-widget_type=\"heading.default\">\n\t\t\t\t<div class=\"elementor-widget-container\">\n\t\t\t\t\t<h2 class=\"elementor-heading-title elementor-size-default\"><span style=\"color: var( --e-global-color-primary )\">Comment utiliser l'application de mani\u00e8re optimale<\/span><\/h2>\t\t\t\t<\/div>\n\t\t\t\t<\/div>\n\t\t\t\t<div class=\"elementor-element elementor-element-5b617d55 elementor-widget elementor-widget-text-editor\" data-id=\"5b617d55\" data-element_type=\"widget\" data-widget_type=\"text-editor.default\">\n\t\t\t\t<div class=\"elementor-widget-container\">\n\t\t\t\t\t\t\t\t\t<ol>\n<li><span style=\"color: #ffffff;\">Commencez par vous inscrire \u00e0 PUMPS &amp; VALVES Zurich : apr\u00e8s votre inscription, vous recevrez un e-mail vous permettant de cr\u00e9er votre compte dans l&rsquo;application.<\/span><br \/>\n<span style=\"color: #ffffff;\">T\u00e9l\u00e9chargez l&rsquo;application : t\u00e9l\u00e9chargez l&rsquo;application sur votre smartphone ici. Vous pouvez \u00e9galement utiliser l&rsquo;application web sur votre ordinateur.<\/span><br \/>\n<span style=\"color: #ffffff;\">Cr\u00e9ez votre profil : parlez-nous de vos centres d&rsquo;int\u00e9r\u00eat, de l&rsquo;activit\u00e9 de votre entreprise et de ce que vous recherchez pendant l&rsquo;\u00e9v\u00e9nement.<\/span><br \/>\n<span style=\"color: #ffffff;\">Commencez \u00e0 rencontrer des gens : d\u00e9couvrez des recommandations, entrez en contact avec d&rsquo;autres professionnels et planifiez quelques rendez-vous au salon.<\/span><br \/>\n<span style=\"color: #ffffff;\">Tirez le meilleur parti de votre visite au salon : gr\u00e2ce \u00e0 votre agenda personnel, vous pouvez vous concentrer sur la cr\u00e9ation de nouveaux contacts et l&rsquo;acquisition d&rsquo;informations pr\u00e9cieuses.<\/span><\/li>\n<\/ol>\n\t\t\t\t\t\t\t\t<\/div>\n\t\t\t\t<\/div>\n\t\t\t\t\t<\/div>\n\t\t<\/div>\n\t\t\t\t\t<\/div>\n\t\t<\/section>\n\t\t\t\t<section class=\"elementor-section elementor-top-section elementor-element elementor-element-6a6a8aa9 elementor-section-height-min-height elementor-section-boxed elementor-section-height-default elementor-section-items-middle\" data-id=\"6a6a8aa9\" data-element_type=\"section\" data-settings=\"{&quot;background_background&quot;:&quot;classic&quot;,&quot;shape_divider_bottom&quot;:&quot;opacity-tilt&quot;}\">\n\t\t\t\t\t<div class=\"elementor-shape elementor-shape-bottom\" aria-hidden=\"true\" data-negative=\"false\">\n\t\t\t<svg xmlns=\"http:\/\/www.w3.org\/2000\/svg\" viewBox=\"0 0 2600 131.1\" preserveAspectRatio=\"none\">\n\t<path class=\"elementor-shape-fill\" d=\"M0 0L2600 0 2600 69.1 0 0z\"\/>\n\t<path class=\"elementor-shape-fill\" style=\"opacity:0.5\" d=\"M0 0L2600 0 2600 69.1 0 69.1z\"\/>\n\t<path class=\"elementor-shape-fill\" style=\"opacity:0.25\" d=\"M2600 0L0 0 0 130.1 2600 69.1z\"\/>\n<\/svg>\t\t<\/div>\n\t\t\t\t\t<div class=\"elementor-container elementor-column-gap-default\">\n\t\t\t\t\t<div class=\"elementor-column elementor-col-100 elementor-top-column elementor-element elementor-element-532d4a0f\" data-id=\"532d4a0f\" data-element_type=\"column\">\n\t\t\t<div class=\"elementor-widget-wrap\">\n\t\t\t\t\t\t\t<\/div>\n\t\t<\/div>\n\t\t\t\t\t<\/div>\n\t\t<\/section>\n\t\t\t\t<\/div>\n\t\t","protected":false},"excerpt":{"rendered":"<p>L&rsquo;application du salon : Une exp\u00e9rience optimale gr\u00e2ce \u00e0 l&rsquo;application du salon Nous sommes heureux de vous pr\u00e9senter notre nouvelle application d\u00e9di\u00e9e au salon et ses nombreuses fonctionnalit\u00e9s qui optimiseront votre exp\u00e9rience en tant que visiteur avant, pendant et apr\u00e8s le salon ! Plus qu&rsquo;un simple outil de planification, cette application deviendra votre assistant personnel [&hellip;]<\/p>\n","protected":false},"author":87,"featured_media":0,"parent":0,"menu_order":0,"comment_status":"closed","ping_status":"closed","template":"","meta":{"_seopress_robots_primary_cat":"","_seopress_titles_title":"Application pour les visiteurs PUMPS & VALVES Z\u00fcrich","_seopress_titles_desc":"Une exp\u00e9rience optimale gr\u00e2ce \u00e0 l'application d\u00e9di\u00e9e au salon PUMPS & VALVES Zurich","_seopress_robots_index":"","footnotes":""},"class_list":["post-27953","page","type-page","status-publish","hentry"],"_links":{"self":[{"href":"https:\/\/www.pumps-valves.ch\/fr\/wp-json\/wp\/v2\/pages\/27953","targetHints":{"allow":["GET"]}}],"collection":[{"href":"https:\/\/www.pumps-valves.ch\/fr\/wp-json\/wp\/v2\/pages"}],"about":[{"href":"https:\/\/www.pumps-valves.ch\/fr\/wp-json\/wp\/v2\/types\/page"}],"author":[{"embeddable":true,"href":"https:\/\/www.pumps-valves.ch\/fr\/wp-json\/wp\/v2\/users\/87"}],"replies":[{"embeddable":true,"href":"https:\/\/www.pumps-valves.ch\/fr\/wp-json\/wp\/v2\/comments?post=27953"}],"version-history":[{"count":5,"href":"https:\/\/www.pumps-valves.ch\/fr\/wp-json\/wp\/v2\/pages\/27953\/revisions"}],"predecessor-version":[{"id":29992,"href":"https:\/\/www.pumps-valves.ch\/fr\/wp-json\/wp\/v2\/pages\/27953\/revisions\/29992"}],"wp:attachment":[{"href":"https:\/\/www.pumps-valves.ch\/fr\/wp-json\/wp\/v2\/media?parent=27953"}],"curies":[{"name":"wp","href":"https:\/\/api.w.org\/{rel}","templated":true}]}}