{"id":23270,"date":"2024-05-02T11:50:21","date_gmt":"2024-05-02T09:50:21","guid":{"rendered":"https:\/\/www.pumps-valves.ch\/touch-collect-pour-les-visiteurs\/"},"modified":"2025-02-20T15:27:48","modified_gmt":"2025-02-20T14:27:48","slug":"touch-collect-pour-les-visiteurs","status":"publish","type":"page","link":"https:\/\/www.pumps-valves.ch\/fr\/touch-collect-pour-les-visiteurs\/","title":{"rendered":"Touch &#038; Collect pour les visiteurs"},"content":{"rendered":"\t\t<div data-elementor-type=\"wp-post\" data-elementor-id=\"23270\" class=\"elementor elementor-23270 elementor-1782\" data-elementor-post-type=\"page\">\n\t\t\t\t\t\t<section class=\"elementor-section elementor-top-section elementor-element elementor-element-51ac5c24 elementor-section-content-middle elementor-section-full_width elementor-section-height-default elementor-section-height-default\" data-id=\"51ac5c24\" data-element_type=\"section\">\n\t\t\t\t\t\t<div class=\"elementor-container elementor-column-gap-no\">\n\t\t\t\t\t<div class=\"elementor-column elementor-col-50 elementor-top-column elementor-element elementor-element-dcfd897\" data-id=\"dcfd897\" data-element_type=\"column\" data-settings=\"{&quot;background_background&quot;:&quot;classic&quot;}\">\n\t\t\t<div class=\"elementor-widget-wrap elementor-element-populated\">\n\t\t\t\t\t\t<div class=\"elementor-element elementor-element-43cd25fa elementor-widget elementor-widget-spacer\" data-id=\"43cd25fa\" data-element_type=\"widget\" data-widget_type=\"spacer.default\">\n\t\t\t\t<div class=\"elementor-widget-container\">\n\t\t\t\t\t\t\t<div class=\"elementor-spacer\">\n\t\t\t<div class=\"elementor-spacer-inner\"><\/div>\n\t\t<\/div>\n\t\t\t\t\t\t<\/div>\n\t\t\t\t<\/div>\n\t\t\t\t\t<\/div>\n\t\t<\/div>\n\t\t\t\t<div class=\"elementor-column elementor-col-50 elementor-top-column elementor-element elementor-element-22e24d37\" data-id=\"22e24d37\" data-element_type=\"column\" data-settings=\"{&quot;background_background&quot;:&quot;classic&quot;}\">\n\t\t\t<div class=\"elementor-widget-wrap elementor-element-populated\">\n\t\t\t\t\t\t<div class=\"elementor-element elementor-element-11281737 elementor-widget elementor-widget-heading\" data-id=\"11281737\" data-element_type=\"widget\" data-widget_type=\"heading.default\">\n\t\t\t\t<div class=\"elementor-widget-container\">\n\t\t\t\t\t<h5 class=\"elementor-heading-title elementor-size-default\">Touch &amp; Collect pour les visiteurs<\/h5>\t\t\t\t<\/div>\n\t\t\t\t<\/div>\n\t\t\t\t<div class=\"elementor-element elementor-element-6b2f655d elementor-widget elementor-widget-heading\" data-id=\"6b2f655d\" data-element_type=\"widget\" data-widget_type=\"heading.default\">\n\t\t\t\t<div class=\"elementor-widget-container\">\n\t\t\t\t\t<h2 class=\"elementor-heading-title elementor-size-default\">Technologie Smart Badge - <u>Qu'est-ce qu'un Smart Badge?<\/u><\/h2>\t\t\t\t<\/div>\n\t\t\t\t<\/div>\n\t\t\t\t<div class=\"elementor-element elementor-element-6d7c0475 elementor-widget elementor-widget-text-editor\" data-id=\"6d7c0475\" data-element_type=\"widget\" data-widget_type=\"text-editor.default\">\n\t\t\t\t<div class=\"elementor-widget-container\">\n\t\t\t\t\t\t\t\t\t<p>En r\u00e9sum\u00e9, un badge intelligent est un badge visiteur intelligent. Il permet aux visiteurs et aux exposants d&rsquo;\u00e9changer num\u00e9riquement des donn\u00e9es de contact et des informations.<\/p>\n\t\t\t\t\t\t\t\t<\/div>\n\t\t\t\t<\/div>\n\t\t\t\t<div class=\"elementor-element elementor-element-1ab0952 elementor-widget elementor-widget-button\" data-id=\"1ab0952\" data-element_type=\"widget\" data-widget_type=\"button.default\">\n\t\t\t\t<div class=\"elementor-widget-container\">\n\t\t\t\t\t\t\t\t\t<div class=\"elementor-button-wrapper\">\n\t\t\t\t\t<a class=\"elementor-button elementor-button-link elementor-size-sm\" href=\"#\">\n\t\t\t\t\t\t<span class=\"elementor-button-content-wrapper\">\n\t\t\t\t\t\t<span class=\"elementor-button-icon\">\n\t\t\t\t<i aria-hidden=\"true\" class=\"fas fa-arrow-right\"><\/i>\t\t\t<\/span>\n\t\t\t\t\t\t\t\t\t<span class=\"elementor-button-text\">Cliquez ici<\/span>\n\t\t\t\t\t<\/span>\n\t\t\t\t\t<\/a>\n\t\t\t\t<\/div>\n\t\t\t\t\t\t\t\t<\/div>\n\t\t\t\t<\/div>\n\t\t\t\t\t<\/div>\n\t\t<\/div>\n\t\t\t\t\t<\/div>\n\t\t<\/section>\n\t\t\t\t<section class=\"elementor-section elementor-top-section elementor-element elementor-element-4ef69a9d elementor-section-boxed elementor-section-height-default elementor-section-height-default\" data-id=\"4ef69a9d\" data-element_type=\"section\">\n\t\t\t\t\t\t<div class=\"elementor-container elementor-column-gap-no\">\n\t\t\t\t\t<div class=\"elementor-column elementor-col-100 elementor-top-column elementor-element elementor-element-1c691ae6\" data-id=\"1c691ae6\" data-element_type=\"column\">\n\t\t\t<div class=\"elementor-widget-wrap elementor-element-populated\">\n\t\t\t\t\t\t<div class=\"elementor-element elementor-element-31a40f0 elementor-widget elementor-widget-video\" data-id=\"31a40f0\" data-element_type=\"widget\" data-settings=\"{&quot;youtube_url&quot;:&quot;https:\\\/\\\/www.youtube.com\\\/watch?v=UHAlwKCBV-Q&amp;t=2s&quot;,&quot;video_type&quot;:&quot;youtube&quot;,&quot;controls&quot;:&quot;yes&quot;}\" data-widget_type=\"video.default\">\n\t\t\t\t<div class=\"elementor-widget-container\">\n\t\t\t\t\t\t\t<div class=\"elementor-wrapper elementor-open-inline\">\n\t\t\t<div class=\"elementor-video\"><\/div>\t\t<\/div>\n\t\t\t\t\t\t<\/div>\n\t\t\t\t<\/div>\n\t\t\t\t<div class=\"elementor-element elementor-element-3f1feff0 elementor-widget elementor-widget-text-editor\" data-id=\"3f1feff0\" data-element_type=\"widget\" data-widget_type=\"text-editor.default\">\n\t\t\t\t<div class=\"elementor-widget-container\">\n\t\t\t\t\t\t\t\t\t<h3>Infos sur Touch &amp; Collect<\/h3>\r\n<strong>Quelles sont les conditions pr\u00e9alables ?<\/strong>\r\n\r\nD\u00e8s que vous touchez le lecteur d&rsquo;un exposant sur le stand avec votre badge intelligent, vous collectez des informations num\u00e9riques. \u00c0 la fin de votre journ\u00e9e de visite, vous recevez un e-mail d&rsquo;Easyfairs. Celui-ci contient votre r\u00e9sum\u00e9 du salon : une liste de tous les exposants dont vous avez touch\u00e9 le lecteur. Toutes les donn\u00e9es que ces exposants ont t\u00e9l\u00e9charg\u00e9es dans leur profil en ligne peuvent maintenant \u00eatre consult\u00e9es tr\u00e8s facilement gr\u00e2ce \u00e0 des liens individuels.\r\n\r\nEn touchant le lecteur, vous informez en m\u00eame temps l&rsquo;exposant concern\u00e9 que vous vous int\u00e9ressez \u00e0 ses produits et qu&rsquo;il peut prendre contact avec vous.\r\nIl y a donc un \u00e9change num\u00e9rique de cartes de visite.\r\n\r\n<strong>Vous \u00e9vitez les co\u00fbts et pr\u00e9servez les ressources<\/strong>\r\n\r\nDans le cadre de l&rsquo;enregistrement des visiteurs, il vous suffit d&rsquo;indiquer vos coordonn\u00e9es. Veillez en particulier \u00e0 saisir correctement votre adresse e-mail. C&rsquo;est la condition sine qua non pour que nous puissions vous envoyer les informations d\u00e9taill\u00e9es sur \u00ab vos \u00bb exposants \u00e0 la fin de la journ\u00e9e du salon.\r\n\r\n<strong>Quels sont vos avantages ?<\/strong>\r\n\r\nGr\u00e2ce \u00e0 votre badge intelligent, vous pouvez collecter facilement et num\u00e9riquement des informations de tous les exposants. Vous avez acc\u00e8s aux descriptions de produits, aux photos, aux vid\u00e9os et aux offres d&#8217;emploi. Plus besoin de collecter d&rsquo;innombrables prospectus et catalogues. Vous pouvez ensuite partager toutes ces informations avec vos coll\u00e8gues.\r\n\r\nSi un exposant n&rsquo;est pas pr\u00e9sent sur le stand ou s&rsquo;il est occup\u00e9 par un autre visiteur, vous deviez repasser dans le pass\u00e9. Gr\u00e2ce \u00e0 la technologie des badges intelligents, vous pouvez d\u00e9sormais obtenir des informations directement aupr\u00e8s de l&rsquo;exposant, tout simplement en touchant le lecteur.\r\n\u00c0 la fin de votre journ\u00e9e au salon, vous recevrez un e-mail d&rsquo;Easyfairs. Celui-ci contient une liste de tous les exposants chez lesquels vous avez touch\u00e9 le lecteur. Vous disposez ainsi automatiquement d&rsquo;un r\u00e9sum\u00e9 complet de votre journ\u00e9e au salon, avec toutes les informations d\u00e9taill\u00e9es sur chaque exposant.\r\n\r\n<strong>Qu&rsquo;advient-il de vos donn\u00e9es ?<\/strong>\r\n\r\nLes donn\u00e9es personnelles que vous fournissez lors de votre inscription ne sont pas transmises par Easyfairs. Nous les utilisons uniquement pour vous informer de nos propres manifestations actuelles et, le cas \u00e9ch\u00e9ant, futures.\r\nCes donn\u00e9es ne sont transmises aux exposants que si vous touchez le lecteur de l&rsquo;exposant avec votre badge visiteur ou si vous vous \u00eates inscrit via un code ou un lien d&rsquo;invitation d&rsquo;un exposant. Vous nous signalez ainsi, ainsi qu&rsquo;\u00e0 l&rsquo;exposant, que vous \u00eates int\u00e9ress\u00e9 par le fait que l&rsquo;exposant puisse recevoir vos donn\u00e9es pour vous contacter. Si vous ne le souhaitez pas, nous vous prions de ne pas toucher un lecteur avec votre badge ou d&rsquo;utiliser ult\u00e9rieurement l&rsquo;une des possibilit\u00e9s d&rsquo;opt-out.\r\nEasyfairs prend la protection de vos donn\u00e9es personnelles tr\u00e8s au s\u00e9rieux. Pour plus de d\u00e9tails, veuillez jeter un coup d&rsquo;\u0153il \u00e0 notre politique de confidentialit\u00e9 et \u00e0 nos conditions g\u00e9n\u00e9rales.\t\t\t\t\t\t\t\t<\/div>\n\t\t\t\t<\/div>\n\t\t\t\t\t<\/div>\n\t\t<\/div>\n\t\t\t\t\t<\/div>\n\t\t<\/section>\n\t\t\t\t<section class=\"elementor-section elementor-top-section elementor-element elementor-element-319f1267 elementor-section-boxed elementor-section-height-default elementor-section-height-default\" data-id=\"319f1267\" data-element_type=\"section\">\n\t\t\t\t\t\t<div class=\"elementor-container elementor-column-gap-no\">\n\t\t\t\t\t<div class=\"elementor-column elementor-col-100 elementor-top-column elementor-element elementor-element-6e11b45\" data-id=\"6e11b45\" data-element_type=\"column\">\n\t\t\t<div class=\"elementor-widget-wrap elementor-element-populated\">\n\t\t\t\t\t\t<div class=\"elementor-element elementor-element-6ad8cd45 elementor-widget elementor-widget-text-editor\" data-id=\"6ad8cd45\" data-element_type=\"widget\" data-widget_type=\"text-editor.default\">\n\t\t\t\t<div class=\"elementor-widget-container\">\n\t\t\t\t\t\t\t\t\t<p>\t\t<div data-elementor-type=\"section\" data-elementor-id=\"25087\" class=\"elementor elementor-25087 elementor-10015\" data-elementor-post-type=\"elementor_library\">\n\t\t\t\t\t<section class=\"elementor-section elementor-top-section elementor-element elementor-element-4e74b567 elementor-section-content-middle elementor-section-boxed elementor-section-height-default elementor-section-height-default\" data-id=\"4e74b567\" data-element_type=\"section\">\n\t\t\t\t\t\t<div class=\"elementor-container elementor-column-gap-no\">\n\t\t\t\t\t<div class=\"elementor-column elementor-col-50 elementor-top-column elementor-element elementor-element-483f4020\" data-id=\"483f4020\" data-element_type=\"column\" data-settings=\"{&quot;background_background&quot;:&quot;classic&quot;}\">\n\t\t\t<div class=\"elementor-widget-wrap elementor-element-populated\">\n\t\t\t\t\t\t<div class=\"elementor-element elementor-element-bbd0f1d elementor-view-default elementor-widget elementor-widget-icon\" data-id=\"bbd0f1d\" data-element_type=\"widget\" data-widget_type=\"icon.default\">\n\t\t\t\t<div class=\"elementor-widget-container\">\n\t\t\t\t\t\t\t<div class=\"elementor-icon-wrapper\">\n\t\t\t<div class=\"elementor-icon\">\n\t\t\t<i aria-hidden=\"true\" class=\"far fa-file-pdf\"><\/i>\t\t\t<\/div>\n\t\t<\/div>\n\t\t\t\t\t\t<\/div>\n\t\t\t\t<\/div>\n\t\t\t\t\t<\/div>\n\t\t<\/div>\n\t\t\t\t<div class=\"elementor-column elementor-col-50 elementor-top-column elementor-element elementor-element-18b565b\" data-id=\"18b565b\" data-element_type=\"column\" data-settings=\"{&quot;background_background&quot;:&quot;classic&quot;}\">\n\t\t\t<div class=\"elementor-widget-wrap elementor-element-populated\">\n\t\t\t\t\t\t<div class=\"elementor-element elementor-element-1035c9b elementor-widget elementor-widget-heading\" data-id=\"1035c9b\" data-element_type=\"widget\" data-widget_type=\"heading.default\">\n\t\t\t\t<div class=\"elementor-widget-container\">\n\t\t\t\t\t<h5 class=\"elementor-heading-title elementor-size-default\">R\u00e9trospective des salons 2023<\/h5>\t\t\t\t<\/div>\n\t\t\t\t<\/div>\n\t\t\t\t<div class=\"elementor-element elementor-element-aee972a elementor-widget elementor-widget-heading\" data-id=\"aee972a\" data-element_type=\"widget\" data-widget_type=\"heading.default\">\n\t\t\t\t<div class=\"elementor-widget-container\">\n\t\t\t\t\t<h2 class=\"elementor-heading-title elementor-size-default\">PUMPS &amp;amp ; VALVES 2023 a \u00e9t\u00e9 un grand succ\u00e8s &#8211; vous trouverez ici tous les chiffres, donn\u00e9es et faits !<\/h2>\t\t\t\t<\/div>\n\t\t\t\t<\/div>\n\t\t\t\t<div class=\"elementor-element elementor-element-412c9d47 elementor-mobile-align-center elementor-widget elementor-widget-dynamic-button\" data-id=\"412c9d47\" data-element_type=\"widget\" data-widget_type=\"dynamic-button.default\">\n\t\t\t\t<div class=\"elementor-widget-container\">\n\t\t\t\t\t        <div class=\"elementor-button-wrapper\">\n            <a href=\"https:\/\/easyfairsassets.com\/sites\/93\/2022\/06\/Messerueckblick_2023_PumpsValves.pdf\" target=\"_blank\" class=\"elementor-button-link elementor-button elementor-size-sm elementor-animation-pulse-grow\" role=\"button\">\n                        <span class=\"elementor-button-content-wrapper\">\n\t\t\t                <span class=\"elementor-button-icon elementor-align-icon-right\">\n\t\t\t\t<i aria-hidden=\"true\" class=\"fas fa-arrow-right\"><\/i>\t\t\t<\/span>\n            \t\t\t<span class=\"elementor-button-text\">R\u00e9trospective des salons 2023<\/span>\n\t\t<\/span>\n                    <\/a>\n        <\/div>\n        \t\t\t\t<\/div>\n\t\t\t\t<\/div>\n\t\t\t\t\t<\/div>\n\t\t<\/div>\n\t\t\t\t\t<\/div>\n\t\t<\/section>\n\t\t\t\t<\/div>\n\t\t<\/p>\n\t\t\t\t\t\t\t\t<\/div>\n\t\t\t\t<\/div>\n\t\t\t\t\t<\/div>\n\t\t<\/div>\n\t\t\t\t\t<\/div>\n\t\t<\/section>\n\t\t\t\t<section class=\"elementor-section elementor-top-section elementor-element elementor-element-9f86e56 elementor-section-boxed elementor-section-height-default elementor-section-height-default\" data-id=\"9f86e56\" data-element_type=\"section\">\n\t\t\t\t\t\t<div class=\"elementor-container elementor-column-gap-no\">\n\t\t\t\t\t<div class=\"elementor-column elementor-col-100 elementor-top-column elementor-element elementor-element-f1afd6c\" data-id=\"f1afd6c\" data-element_type=\"column\">\n\t\t\t<div class=\"elementor-widget-wrap elementor-element-populated\">\n\t\t\t\t\t\t<div class=\"elementor-element elementor-element-54d98a2 elementor-widget elementor-widget-text-editor\" data-id=\"54d98a2\" data-element_type=\"widget\" data-widget_type=\"text-editor.default\">\n\t\t\t\t<div class=\"elementor-widget-container\">\n\t\t\t\t\t\t\t\t\t<p>\t\t<div data-elementor-type=\"section\" data-elementor-id=\"9950\" class=\"elementor elementor-9950\" data-elementor-post-type=\"elementor_library\">\n\t\t\t\t\t<section class=\"elementor-section elementor-top-section elementor-element elementor-element-345d59b9 elementor-section-boxed elementor-section-height-default elementor-section-height-default\" data-id=\"345d59b9\" data-element_type=\"section\">\n\t\t\t\t\t\t<div class=\"elementor-container elementor-column-gap-no\">\n\t\t\t\t\t<div class=\"elementor-column elementor-col-100 elementor-top-column elementor-element elementor-element-4c6b9c2b\" data-id=\"4c6b9c2b\" data-element_type=\"column\">\n\t\t\t<div class=\"elementor-widget-wrap elementor-element-populated\">\n\t\t\t\t\t\t<div class=\"elementor-element elementor-element-187c12ac elementor-widget elementor-widget-heading\" data-id=\"187c12ac\" data-element_type=\"widget\" data-widget_type=\"heading.default\">\n\t\t\t\t<div class=\"elementor-widget-container\">\n\t\t\t\t\t<h5 class=\"elementor-heading-title elementor-size-default\">\u00dcber den Veranstalter<\/h5>\t\t\t\t<\/div>\n\t\t\t\t<\/div>\n\t\t\t\t<div class=\"elementor-element elementor-element-e4fce3 elementor-widget elementor-widget-heading\" data-id=\"e4fce3\" data-element_type=\"widget\" data-widget_type=\"heading.default\">\n\t\t\t\t<div class=\"elementor-widget-container\">\n\t\t\t\t\t<h2 class=\"elementor-heading-title elementor-size-default\">Easyfairs organisiert Events, die Communities <u>unter dem Motto \u201eVisit the future\u201c zusammenbringen.<\/u><\/h2>\t\t\t\t<\/div>\n\t\t\t\t<\/div>\n\t\t\t\t<div class=\"elementor-element elementor-element-64c7dca3 elementor-widget elementor-widget-text-editor\" data-id=\"64c7dca3\" data-element_type=\"widget\" data-widget_type=\"text-editor.default\">\n\t\t\t\t<div class=\"elementor-widget-container\">\n\t\t\t\t\t\t\t\t\t<p>Wir veranstalten derzeit<b> 200 Events in 14 L\u00e4ndern<\/b> und betreiben 8 eigene Messegel\u00e4nde in Belgien, den Niederlanden und Schweden.<\/p><p>Unser Ziel ist es, das Gesch\u00e4ftsleben unserer Kunden zu vereinfachen und den Return on Investment f\u00fcr professionelle Communities durch unsere <b>All-in-Formate, <\/b>fortschrittliche Technologien und einen kundenzentrierten Ansatz zu erh\u00f6hen.<\/p><p>Unsere digitalen Formate und Initiativen bieten unseren Communities hervorragende M\u00f6glichkeiten, sich effektiv zu vernetzen und das ganze Jahr \u00fcber Gesch\u00e4fte zu machen.<\/p><p>\u201eVisit the future\u201c gemeinsam mit Easyfairs und erfahren Sie mehr auf\u00a0<a style=\"font-family: var( --e-global-typography-text-font-family ), Sans-serif; font-size: var( --e-global-typography-text-font-size ); text-transform: var( --e-global-typography-text-text-transform );\" href=\"http:\/\/www.easyfairs.com\" target=\"_blank\" rel=\"noopener\">www.easyfairs.com<\/a><\/p>\t\t\t\t\t\t\t\t<\/div>\n\t\t\t\t<\/div>\n\t\t\t\t<div class=\"elementor-element elementor-element-7d42a892 elementor-widget elementor-widget-dynamic-button\" data-id=\"7d42a892\" data-element_type=\"widget\" data-widget_type=\"dynamic-button.default\">\n\t\t\t\t<div class=\"elementor-widget-container\">\n\t\t\t\t\t        <div class=\"elementor-button-wrapper\">\n            <a href=\"https:\/\/www.easyfairs.com\" target=\"_blank\" class=\"elementor-button-link elementor-button elementor-size-sm elementor-animation-pulse-grow\" role=\"button\">\n                        <span class=\"elementor-button-content-wrapper\">\n\t\t\t                <span class=\"elementor-button-icon elementor-align-icon-right\">\n\t\t\t\t<i aria-hidden=\"true\" class=\"fas fa-arrow-right\"><\/i>\t\t\t<\/span>\n            \t\t\t<span class=\"elementor-button-text\">Mehr \u00fcber Easyfairs <\/span>\n\t\t<\/span>\n                    <\/a>\n        <\/div>\n        \t\t\t\t<\/div>\n\t\t\t\t<\/div>\n\t\t\t\t\t<\/div>\n\t\t<\/div>\n\t\t\t\t\t<\/div>\n\t\t<\/section>\n\t\t\t\t<\/div>\n\t\t<\/p>\n\t\t\t\t\t\t\t\t<\/div>\n\t\t\t\t<\/div>\n\t\t\t\t\t<\/div>\n\t\t<\/div>\n\t\t\t\t\t<\/div>\n\t\t<\/section>\n\t\t\t\t<\/div>\n\t\t","protected":false},"excerpt":{"rendered":"<p>Touch &#038; Collect pour les visiteurs Technologie Smart Badge &#8211; Qu&rsquo;est-ce qu&rsquo;un Smart Badge? En r\u00e9sum\u00e9, un badge intelligent est un badge visiteur intelligent. Il permet aux visiteurs et aux exposants d&rsquo;\u00e9changer num\u00e9riquement des donn\u00e9es de contact et des informations. Cliquez ici https:\/\/www.youtube.com\/watch?v=UHAlwKCBV-Q&#038;t=2s Infos sur Touch &amp; Collect Quelles sont les conditions pr\u00e9alables ? D\u00e8s [&hellip;]<\/p>\n","protected":false},"author":1,"featured_media":0,"parent":0,"menu_order":0,"comment_status":"closed","ping_status":"closed","template":"","meta":{"_seopress_robots_primary_cat":"","_seopress_titles_title":"","_seopress_titles_desc":"","_seopress_robots_index":"","footnotes":""},"class_list":["post-23270","page","type-page","status-publish","hentry"],"_links":{"self":[{"href":"https:\/\/www.pumps-valves.ch\/fr\/wp-json\/wp\/v2\/pages\/23270","targetHints":{"allow":["GET"]}}],"collection":[{"href":"https:\/\/www.pumps-valves.ch\/fr\/wp-json\/wp\/v2\/pages"}],"about":[{"href":"https:\/\/www.pumps-valves.ch\/fr\/wp-json\/wp\/v2\/types\/page"}],"author":[{"embeddable":true,"href":"https:\/\/www.pumps-valves.ch\/fr\/wp-json\/wp\/v2\/users\/1"}],"replies":[{"embeddable":true,"href":"https:\/\/www.pumps-valves.ch\/fr\/wp-json\/wp\/v2\/comments?post=23270"}],"version-history":[{"count":2,"href":"https:\/\/www.pumps-valves.ch\/fr\/wp-json\/wp\/v2\/pages\/23270\/revisions"}],"predecessor-version":[{"id":25525,"href":"https:\/\/www.pumps-valves.ch\/fr\/wp-json\/wp\/v2\/pages\/23270\/revisions\/25525"}],"wp:attachment":[{"href":"https:\/\/www.pumps-valves.ch\/fr\/wp-json\/wp\/v2\/media?parent=23270"}],"curies":[{"name":"wp","href":"https:\/\/api.w.org\/{rel}","templated":true}]}}