{"id":23265,"date":"2024-05-02T11:45:07","date_gmt":"2024-05-02T09:45:07","guid":{"rendered":"https:\/\/www.pumps-valves.ch\/touch-collect\/"},"modified":"2025-02-20T15:27:57","modified_gmt":"2025-02-20T14:27:57","slug":"touch-collect","status":"publish","type":"page","link":"https:\/\/www.pumps-valves.ch\/fr\/touch-collect\/","title":{"rendered":"Touch &#038; Collect"},"content":{"rendered":"\t\t<div data-elementor-type=\"wp-post\" data-elementor-id=\"23265\" class=\"elementor elementor-23265 elementor-1553\" data-elementor-post-type=\"page\">\n\t\t\t\t\t\t<section class=\"elementor-section elementor-top-section elementor-element elementor-element-10f5cbd6 elementor-section-content-middle elementor-section-full_width elementor-section-height-default elementor-section-height-default\" data-id=\"10f5cbd6\" data-element_type=\"section\">\n\t\t\t\t\t\t<div class=\"elementor-container elementor-column-gap-no\">\n\t\t\t\t\t<div class=\"elementor-column elementor-col-50 elementor-top-column elementor-element elementor-element-3b63ac04\" data-id=\"3b63ac04\" data-element_type=\"column\" data-settings=\"{&quot;background_background&quot;:&quot;classic&quot;}\">\n\t\t\t<div class=\"elementor-widget-wrap elementor-element-populated\">\n\t\t\t\t\t\t<div class=\"elementor-element elementor-element-54bded0d elementor-widget elementor-widget-spacer\" data-id=\"54bded0d\" data-element_type=\"widget\" data-widget_type=\"spacer.default\">\n\t\t\t\t<div class=\"elementor-widget-container\">\n\t\t\t\t\t\t\t<div class=\"elementor-spacer\">\n\t\t\t<div class=\"elementor-spacer-inner\"><\/div>\n\t\t<\/div>\n\t\t\t\t\t\t<\/div>\n\t\t\t\t<\/div>\n\t\t\t\t\t<\/div>\n\t\t<\/div>\n\t\t\t\t<div class=\"elementor-column elementor-col-50 elementor-top-column elementor-element elementor-element-179f87bf\" data-id=\"179f87bf\" data-element_type=\"column\" data-settings=\"{&quot;background_background&quot;:&quot;classic&quot;}\">\n\t\t\t<div class=\"elementor-widget-wrap elementor-element-populated\">\n\t\t\t\t\t\t<div class=\"elementor-element elementor-element-4b953033 elementor-widget elementor-widget-heading\" data-id=\"4b953033\" data-element_type=\"widget\" data-widget_type=\"heading.default\">\n\t\t\t\t<div class=\"elementor-widget-container\">\n\t\t\t\t\t<h5 class=\"elementor-heading-title elementor-size-default\">Touch &amp; Collect<\/h5>\t\t\t\t<\/div>\n\t\t\t\t<\/div>\n\t\t\t\t<div class=\"elementor-element elementor-element-6b4fa53 elementor-widget elementor-widget-heading\" data-id=\"6b4fa53\" data-element_type=\"widget\" data-widget_type=\"heading.default\">\n\t\t\t\t<div class=\"elementor-widget-container\">\n\t\t\t\t\t<h2 class=\"elementor-heading-title elementor-size-default\">Faites de vos visiteurs des <u>contacts hautement qualifi\u00e9s <\/u>.<\/h2>\t\t\t\t<\/div>\n\t\t\t\t<\/div>\n\t\t\t\t<div class=\"elementor-element elementor-element-69233121 elementor-widget elementor-widget-text-editor\" data-id=\"69233121\" data-element_type=\"widget\" data-widget_type=\"text-editor.default\">\n\t\t\t\t<div class=\"elementor-widget-container\">\n\t\t\t\t\t\t\t\t\t<p>Dans le cadre de votre pack EasyGo, tous les exposants re\u00e7oivent un lecteur NFC afin d&rsquo;am\u00e9liorer l&rsquo;impression g\u00e9n\u00e9rale des visiteurs. Le lecteur sans fil install\u00e9 sur votre stand transmet num\u00e9riquement aux visiteurs les informations sur vos produits et votre entreprise que vous avez t\u00e9l\u00e9charg\u00e9es dans votre compte MyEasyfairs.<\/p>\n\t\t\t\t\t\t\t\t<\/div>\n\t\t\t\t<\/div>\n\t\t\t\t<div class=\"elementor-element elementor-element-0874261 elementor-widget elementor-widget-button\" data-id=\"0874261\" data-element_type=\"widget\" data-widget_type=\"button.default\">\n\t\t\t\t<div class=\"elementor-widget-container\">\n\t\t\t\t\t\t\t\t\t<div class=\"elementor-button-wrapper\">\n\t\t\t\t\t<a class=\"elementor-button elementor-button-link elementor-size-sm\" href=\"#contenu\">\n\t\t\t\t\t\t<span class=\"elementor-button-content-wrapper\">\n\t\t\t\t\t\t<span class=\"elementor-button-icon\">\n\t\t\t\t<i aria-hidden=\"true\" class=\"fas fa-arrow-right\"><\/i>\t\t\t<\/span>\n\t\t\t\t\t\t\t\t\t<span class=\"elementor-button-text\">lire plus <\/span>\n\t\t\t\t\t<\/span>\n\t\t\t\t\t<\/a>\n\t\t\t\t<\/div>\n\t\t\t\t\t\t\t\t<\/div>\n\t\t\t\t<\/div>\n\t\t\t\t\t<\/div>\n\t\t<\/div>\n\t\t\t\t\t<\/div>\n\t\t<\/section>\n\t\t\t\t<section class=\"elementor-section elementor-top-section elementor-element elementor-element-1ecfc371 elementor-section-boxed elementor-section-height-default elementor-section-height-default\" data-id=\"1ecfc371\" data-element_type=\"section\" id=\"content\">\n\t\t\t\t\t\t<div class=\"elementor-container elementor-column-gap-no\">\n\t\t\t\t\t<div class=\"elementor-column elementor-col-100 elementor-top-column elementor-element elementor-element-c968808\" data-id=\"c968808\" data-element_type=\"column\">\n\t\t\t<div class=\"elementor-widget-wrap elementor-element-populated\">\n\t\t\t\t\t\t<div class=\"elementor-element elementor-element-74b32b5e elementor-widget elementor-widget-text-editor\" data-id=\"74b32b5e\" data-element_type=\"widget\" id=\"content\" data-widget_type=\"text-editor.default\">\n\t\t\t\t<div class=\"elementor-widget-container\">\n\t\t\t\t\t\t\t\t\t<h3>Informations pour les exposants<\/h3>\n<p><strong>Comment \u00e7a marche ?<\/strong><\/p>\n<p>D\u00e8s que les visiteurs touchent votre lecteur avec leur badge, ils collectent toutes les informations sur votre entreprise et vos produits que vous avez t\u00e9l\u00e9charg\u00e9es dans votre compte MyEasyfairs. \u00c0 la fin de la journ\u00e9e de salon, les visiteurs re\u00e7oivent ces informations par e-mail sous forme de r\u00e9sum\u00e9 du salon.<\/p>\n<p>Si vous utilisez GoLeads, GoPlus ou GoPremium, vous recevez les donn\u00e9es des visiteurs qui ont touch\u00e9 votre lecteur. Vous pouvez les t\u00e9l\u00e9charger dans MyEasyfairs.<\/p>\n<p>Seulement GoVisibility ? Vos visiteurs ont re\u00e7u vos informations via votre lecteur. Pour que vous puissiez recevoir les donn\u00e9es de vos visiteurs, vous devez \u00e9tendre votre package \u00e0 GoPlus.<\/p>\n<p><strong>Que devez-vous faire pour cela avant le salon ? <\/strong><\/p>\n<p>Assurez-vous que le profil de votre entreprise est \u00e0 jour dans votre compte MyEasyfairs (donn\u00e9es de l&rsquo;entreprise, produits et informations de contact). Le visiteur re\u00e7oit ces informations sous forme num\u00e9rique lorsqu&rsquo;il a touch\u00e9 votre lecteur sur le stand avec son badge.<\/p>\n<p><strong>Que devez-vous faire pour cela sur le salon ?<\/strong><\/p>\n<p>Le jour de l&rsquo;installation, vous recevrez le lecteur pr\u00eat \u00e0 l&#8217;emploi sur un support standardis\u00e9 que vous placerez sur votre stand.<\/p>\n<p>Vous pouvez le positionner comme vous le souhaitez.<\/p>\n<p>\u00c0 la fin du salon, les lecteurs sont r\u00e9cup\u00e9r\u00e9s par notre \u00e9quipe.<\/p>\n<p>Veillez \u00e0 ce que le support avec le lecteur soit pr\u00e9sent sur votre stand le premier jour du salon. Si ce n&rsquo;est pas le cas, veuillez contacter imm\u00e9diatement l&rsquo;\u00e9quipe du salon, car le pr\u00e9sentoir et le lecteur font partie de votre package de stand et doivent \u00eatre restitu\u00e9s \u00e0 la fin du salon.<\/p>\n\t\t\t\t\t\t\t\t<\/div>\n\t\t\t\t<\/div>\n\t\t\t\t\t<\/div>\n\t\t<\/div>\n\t\t\t\t\t<\/div>\n\t\t<\/section>\n\t\t\t\t<section class=\"elementor-section elementor-top-section elementor-element elementor-element-8145351 elementor-section-boxed elementor-section-height-default elementor-section-height-default\" data-id=\"8145351\" data-element_type=\"section\">\n\t\t\t\t\t\t<div class=\"elementor-container elementor-column-gap-no\">\n\t\t\t\t\t<div class=\"elementor-column elementor-col-100 elementor-top-column elementor-element elementor-element-ebd5952\" data-id=\"ebd5952\" data-element_type=\"column\">\n\t\t\t<div class=\"elementor-widget-wrap elementor-element-populated\">\n\t\t\t\t\t\t<div class=\"elementor-element elementor-element-157e466 elementor-widget elementor-widget-text-editor\" data-id=\"157e466\" data-element_type=\"widget\" data-widget_type=\"text-editor.default\">\n\t\t\t\t<div class=\"elementor-widget-container\">\n\t\t\t\t\t\t\t\t\t<h3><strong>Avantages pour vous en tant qu&rsquo;exposant<\/strong><\/h3>\n<p><strong>Vous partagez rapidement et facilement les informations sur votre entreprise<\/strong><\/p>\n<p>Les visiteurs re\u00e7oivent des informations sur votre entreprise et vos produits par e-mail &#8211; tout simplement en touchant le lecteur avec leur badge visiteur. M\u00eame les visiteurs avec lesquels vous n&rsquo;avez pas eu de contact personnel peuvent ainsi demander des informations sur vous.<\/p>\n<p>Vous \u00e9vitez des co\u00fbts et pr\u00e9servez les ressources<\/p>\n<p>Si vous mettez \u00e0 disposition les informations sur votre entreprise et vos produits sous forme num\u00e9rique, vous avez besoin de moins de brochures, catalogues ou autres imprim\u00e9s. Vous \u00e9conomisez ainsi des co\u00fbts de production et de transport. De plus, les visiteurs accumulent moins de mat\u00e9riel sur le salon, ce qui r\u00e9duit le risque de \u00ab perdre \u00bb des documents importants.<\/p>\n<p>Vous offrez \u00e0 vos visiteurs une communication moderne et interactive.<\/p>\n<p>Les visiteurs qui touchent votre lecteur avec leur badge re\u00e7oivent vos informations sous forme num\u00e9rique. Ils peuvent ainsi les partager facilement avec leurs coll\u00e8gues et amis par e-mail ou sur les r\u00e9seaux sociaux.<br \/>\nVous facilitez le suivi de votre salon<\/p>\n<p>Vous recevez une liste \u00e9lectronique de tous les visiteurs qui ont demand\u00e9 vos informations. Vous n&rsquo;avez plus besoin d&rsquo;importer des cartes de visite ou des fiches de contact, ce qui prend beaucoup de temps.<\/p>\n\t\t\t\t\t\t\t\t<\/div>\n\t\t\t\t<\/div>\n\t\t\t\t\t<\/div>\n\t\t<\/div>\n\t\t\t\t\t<\/div>\n\t\t<\/section>\n\t\t\t\t<section class=\"elementor-section elementor-top-section elementor-element elementor-element-4c7781a elementor-section-full_width elementor-section-height-default elementor-section-height-default\" data-id=\"4c7781a\" data-element_type=\"section\">\n\t\t\t\t\t\t<div class=\"elementor-container elementor-column-gap-default\">\n\t\t\t\t\t<div class=\"elementor-column elementor-col-100 elementor-top-column elementor-element elementor-element-831c261\" data-id=\"831c261\" data-element_type=\"column\">\n\t\t\t<div class=\"elementor-widget-wrap elementor-element-populated\">\n\t\t\t\t\t\t<div class=\"elementor-element elementor-element-ca0c4a7 elementor-widget elementor-widget-text-editor\" data-id=\"ca0c4a7\" data-element_type=\"widget\" data-widget_type=\"text-editor.default\">\n\t\t\t\t<div class=\"elementor-widget-container\">\n\t\t\t\t\t\t\t\t\t<p><\/p>\n\t\t\t\t\t\t\t\t<\/div>\n\t\t\t\t<\/div>\n\t\t\t\t\t<\/div>\n\t\t<\/div>\n\t\t\t\t\t<\/div>\n\t\t<\/section>\n\t\t\t\t<section class=\"elementor-section elementor-top-section elementor-element elementor-element-95371be elementor-section-boxed elementor-section-height-default elementor-section-height-default\" data-id=\"95371be\" data-element_type=\"section\" data-settings=\"{&quot;background_background&quot;:&quot;classic&quot;}\">\n\t\t\t\t\t\t<div class=\"elementor-container elementor-column-gap-default\">\n\t\t\t\t\t<div class=\"elementor-column elementor-col-100 elementor-top-column elementor-element elementor-element-efa4539\" data-id=\"efa4539\" data-element_type=\"column\">\n\t\t\t<div class=\"elementor-widget-wrap elementor-element-populated\">\n\t\t\t\t\t\t<div class=\"elementor-element elementor-element-180c61b elementor-widget elementor-widget-text-editor\" data-id=\"180c61b\" data-element_type=\"widget\" data-widget_type=\"text-editor.default\">\n\t\t\t\t<div class=\"elementor-widget-container\">\n\t\t\t\t\t\t\t\t\t<p>\t\t<div data-elementor-type=\"section\" data-elementor-id=\"23549\" class=\"elementor elementor-23549 elementor-15313\" data-elementor-post-type=\"elementor_library\">\n\t\t\t\t\t<section class=\"elementor-section elementor-inner-section elementor-element elementor-element-28a456f2 elementor-section-height-min-height elementor-section-content-middle elementor-section-boxed elementor-section-height-default\" data-id=\"28a456f2\" data-element_type=\"section\" data-settings=\"{&quot;background_background&quot;:&quot;classic&quot;}\">\n\t\t\t\t\t\t<div class=\"elementor-container elementor-column-gap-no\">\n\t\t\t\t\t<div class=\"elementor-column elementor-col-50 elementor-inner-column elementor-element elementor-element-67f6f721\" data-id=\"67f6f721\" data-element_type=\"column\">\n\t\t\t<div class=\"elementor-widget-wrap elementor-element-populated\">\n\t\t\t\t\t\t<div class=\"elementor-element elementor-element-6fd2c03d elementor-widget elementor-widget-heading\" data-id=\"6fd2c03d\" data-element_type=\"widget\" data-widget_type=\"heading.default\">\n\t\t\t\t<div class=\"elementor-widget-container\">\n\t\t\t\t\t<h5 class=\"elementor-heading-title elementor-size-default\">Liens importants<\/h5>\t\t\t\t<\/div>\n\t\t\t\t<\/div>\n\t\t\t\t<div class=\"elementor-element elementor-element-12cb4958 elementor-widget elementor-widget-heading\" data-id=\"12cb4958\" data-element_type=\"widget\" data-widget_type=\"heading.default\">\n\t\t\t\t<div class=\"elementor-widget-container\">\n\t\t\t\t\t<h2 class=\"elementor-heading-title elementor-size-default\">Service et informations compl\u00e9mentaires.<\/h2>\t\t\t\t<\/div>\n\t\t\t\t<\/div>\n\t\t\t\t<div class=\"elementor-element elementor-element-5e4428c4 elementor-widget elementor-widget-text-editor\" data-id=\"5e4428c4\" data-element_type=\"widget\" data-widget_type=\"text-editor.default\">\n\t\t\t\t<div class=\"elementor-widget-container\">\n\t\t\t\t\t\t\t\t\t<p>Vous souhaitez des conseils sur nos dimensions de stand ? Ou avez-vous des questions concernant l&rsquo;inscription? Si vous disposez du service souhait\u00e9 vous ne le trouvez pas, contactez-nous directement.<\/p>\n\t\t\t\t\t\t\t\t<\/div>\n\t\t\t\t<\/div>\n\t\t\t\t<div class=\"elementor-element elementor-element-3ea0694b elementor-widget elementor-widget-button\" data-id=\"3ea0694b\" data-element_type=\"widget\" data-widget_type=\"button.default\">\n\t\t\t\t<div class=\"elementor-widget-container\">\n\t\t\t\t\t\t\t\t\t<div class=\"elementor-button-wrapper\">\n\t\t\t\t\t<a class=\"elementor-button elementor-button-link elementor-size-sm\" href=\"mailto:emanuel.moreno@easyfairs.com\">\n\t\t\t\t\t\t<span class=\"elementor-button-content-wrapper\">\n\t\t\t\t\t\t<span class=\"elementor-button-icon\">\n\t\t\t\t<i aria-hidden=\"true\" class=\"fas fa-arrow-right\"><\/i>\t\t\t<\/span>\n\t\t\t\t\t\t\t\t\t<span class=\"elementor-button-text\">Cliquez ici<\/span>\n\t\t\t\t\t<\/span>\n\t\t\t\t\t<\/a>\n\t\t\t\t<\/div>\n\t\t\t\t\t\t\t\t<\/div>\n\t\t\t\t<\/div>\n\t\t\t\t\t<\/div>\n\t\t<\/div>\n\t\t\t\t<div class=\"elementor-column elementor-col-50 elementor-inner-column elementor-element elementor-element-72393ab8\" data-id=\"72393ab8\" data-element_type=\"column\" data-settings=\"{&quot;background_background&quot;:&quot;classic&quot;}\">\n\t\t\t<div class=\"elementor-widget-wrap elementor-element-populated\">\n\t\t\t\t\t\t<div class=\"elementor-element elementor-element-6323b479 elementor-align-left elementor-widget elementor-widget-button\" data-id=\"6323b479\" data-element_type=\"widget\" data-widget_type=\"button.default\">\n\t\t\t\t<div class=\"elementor-widget-container\">\n\t\t\t\t\t\t\t\t\t<div class=\"elementor-button-wrapper\">\n\t\t\t\t\t<a class=\"elementor-button elementor-button-link elementor-size-xs\" href=\"https:\/\/easyfairsassets.com\/sites\/93\/2022\/06\/Messerueckblick_2023_PumpsValves.pdf\" target=\"_blank\">\n\t\t\t\t\t\t<span class=\"elementor-button-content-wrapper\">\n\t\t\t\t\t\t<span class=\"elementor-button-icon\">\n\t\t\t\t<i aria-hidden=\"true\" class=\"fas fa-external-link-alt\"><\/i>\t\t\t<\/span>\n\t\t\t\t\t\t\t\t\t<span class=\"elementor-button-text\">R\u00e9trospective du salon<\/span>\n\t\t\t\t\t<\/span>\n\t\t\t\t\t<\/a>\n\t\t\t\t<\/div>\n\t\t\t\t\t\t\t\t<\/div>\n\t\t\t\t<\/div>\n\t\t\t\t<div class=\"elementor-element elementor-element-7113cb5b elementor-align-left elementor-widget elementor-widget-button\" data-id=\"7113cb5b\" data-element_type=\"widget\" data-widget_type=\"button.default\">\n\t\t\t\t<div class=\"elementor-widget-container\">\n\t\t\t\t\t\t\t\t\t<div class=\"elementor-button-wrapper\">\n\t\t\t\t\t<a class=\"elementor-button elementor-button-link elementor-size-xs\" href=\"https:\/\/easyfairsassets.com\/sites\/93\/2022\/06\/PV_2027_Listenpreise.pdf\" target=\"_blank\">\n\t\t\t\t\t\t<span class=\"elementor-button-content-wrapper\">\n\t\t\t\t\t\t<span class=\"elementor-button-icon\">\n\t\t\t\t<i aria-hidden=\"true\" class=\"fas fa-external-link-alt\"><\/i>\t\t\t<\/span>\n\t\t\t\t\t\t\t\t\t<span class=\"elementor-button-text\">Formulaire d&rsquo;inscription<\/span>\n\t\t\t\t\t<\/span>\n\t\t\t\t\t<\/a>\n\t\t\t\t<\/div>\n\t\t\t\t\t\t\t\t<\/div>\n\t\t\t\t<\/div>\n\t\t\t\t<div class=\"elementor-element elementor-element-d12ae04 elementor-align-left elementor-widget elementor-widget-button\" data-id=\"d12ae04\" data-element_type=\"widget\" data-widget_type=\"button.default\">\n\t\t\t\t<div class=\"elementor-widget-container\">\n\t\t\t\t\t\t\t\t\t<div class=\"elementor-button-wrapper\">\n\t\t\t\t\t<a class=\"elementor-button elementor-button-link elementor-size-xs\" href=\"https:\/\/www.pumps-valves.ch\/de\/easygo-pakete\/\" target=\"_blank\">\n\t\t\t\t\t\t<span class=\"elementor-button-content-wrapper\">\n\t\t\t\t\t\t<span class=\"elementor-button-icon\">\n\t\t\t\t<i aria-hidden=\"true\" class=\"fas fa-external-link-alt\"><\/i>\t\t\t<\/span>\n\t\t\t\t\t\t\t\t\t<span class=\"elementor-button-text\">Offres Easy Go<\/span>\n\t\t\t\t\t<\/span>\n\t\t\t\t\t<\/a>\n\t\t\t\t<\/div>\n\t\t\t\t\t\t\t\t<\/div>\n\t\t\t\t<\/div>\n\t\t\t\t<div class=\"elementor-element elementor-element-5fe20c87 elementor-align-left elementor-widget elementor-widget-button\" data-id=\"5fe20c87\" data-element_type=\"widget\" data-widget_type=\"button.default\">\n\t\t\t\t<div class=\"elementor-widget-container\">\n\t\t\t\t\t\t\t\t\t<div class=\"elementor-button-wrapper\">\n\t\t\t\t\t<a class=\"elementor-button elementor-button-link elementor-size-xs\" href=\"https:\/\/easyfairsassets.com\/sites\/93\/2021\/12\/PV_Hallenplan_2027_Reservationen.pdf\" target=\"_blank\">\n\t\t\t\t\t\t<span class=\"elementor-button-content-wrapper\">\n\t\t\t\t\t\t<span class=\"elementor-button-icon\">\n\t\t\t\t<i aria-hidden=\"true\" class=\"fas fa-external-link-alt\"><\/i>\t\t\t<\/span>\n\t\t\t\t\t\t\t\t\t<span class=\"elementor-button-text\">Plan du hall<\/span>\n\t\t\t\t\t<\/span>\n\t\t\t\t\t<\/a>\n\t\t\t\t<\/div>\n\t\t\t\t\t\t\t\t<\/div>\n\t\t\t\t<\/div>\n\t\t\t\t<div class=\"elementor-element elementor-element-cd8277c elementor-align-left elementor-widget elementor-widget-button\" data-id=\"cd8277c\" data-element_type=\"widget\" data-widget_type=\"button.default\">\n\t\t\t\t<div class=\"elementor-widget-container\">\n\t\t\t\t\t\t\t\t\t<div class=\"elementor-button-wrapper\">\n\t\t\t\t\t<a class=\"elementor-button elementor-button-link elementor-size-xs\" href=\"https:\/\/www.pumps-valves.ch\/de\/touch-collect\/\" target=\"_blank\">\n\t\t\t\t\t\t<span class=\"elementor-button-content-wrapper\">\n\t\t\t\t\t\t<span class=\"elementor-button-icon\">\n\t\t\t\t<i aria-hidden=\"true\" class=\"fas fa-external-link-alt\"><\/i>\t\t\t<\/span>\n\t\t\t\t\t\t\t\t\t<span class=\"elementor-button-text\">Technologie de badge intelligent<\/span>\n\t\t\t\t\t<\/span>\n\t\t\t\t\t<\/a>\n\t\t\t\t<\/div>\n\t\t\t\t\t\t\t\t<\/div>\n\t\t\t\t<\/div>\n\t\t\t\t<div class=\"elementor-element elementor-element-7cd673c5 elementor-align-left elementor-widget elementor-widget-button\" data-id=\"7cd673c5\" data-element_type=\"widget\" data-widget_type=\"button.default\">\n\t\t\t\t<div class=\"elementor-widget-container\">\n\t\t\t\t\t\t\t\t\t<div class=\"elementor-button-wrapper\">\n\t\t\t\t\t<a class=\"elementor-button elementor-button-link elementor-size-xs\" href=\"https:\/\/my.easyfairs.com\/#\/login\" target=\"_blank\">\n\t\t\t\t\t\t<span class=\"elementor-button-content-wrapper\">\n\t\t\t\t\t\t<span class=\"elementor-button-icon\">\n\t\t\t\t<i aria-hidden=\"true\" class=\"fas fa-external-link-alt\"><\/i>\t\t\t<\/span>\n\t\t\t\t\t\t\t\t\t<span class=\"elementor-button-text\">Connexion \u00e0 My Easyfairs<\/span>\n\t\t\t\t\t<\/span>\n\t\t\t\t\t<\/a>\n\t\t\t\t<\/div>\n\t\t\t\t\t\t\t\t<\/div>\n\t\t\t\t<\/div>\n\t\t\t\t\t<\/div>\n\t\t<\/div>\n\t\t\t\t\t<\/div>\n\t\t<\/section>\n\t\t\t\t<\/div>\n\t\t<\/p>\n\t\t\t\t\t\t\t\t<\/div>\n\t\t\t\t<\/div>\n\t\t\t\t\t<\/div>\n\t\t<\/div>\n\t\t\t\t\t<\/div>\n\t\t<\/section>\n\t\t\t\t<\/div>\n\t\t","protected":false},"excerpt":{"rendered":"<p>Touch &#038; Collect Faites de vos visiteurs des contacts hautement qualifi\u00e9s . Dans le cadre de votre pack EasyGo, tous les exposants re\u00e7oivent un lecteur NFC afin d&rsquo;am\u00e9liorer l&rsquo;impression g\u00e9n\u00e9rale des visiteurs. Le lecteur sans fil install\u00e9 sur votre stand transmet num\u00e9riquement aux visiteurs les informations sur vos produits et votre entreprise que vous avez [&hellip;]<\/p>\n","protected":false},"author":1,"featured_media":0,"parent":0,"menu_order":0,"comment_status":"closed","ping_status":"closed","template":"","meta":{"_seopress_robots_primary_cat":"","_seopress_titles_title":"","_seopress_titles_desc":"%%post_excerpt%%","_seopress_robots_index":"","footnotes":""},"class_list":["post-23265","page","type-page","status-publish","hentry"],"_links":{"self":[{"href":"https:\/\/www.pumps-valves.ch\/fr\/wp-json\/wp\/v2\/pages\/23265","targetHints":{"allow":["GET"]}}],"collection":[{"href":"https:\/\/www.pumps-valves.ch\/fr\/wp-json\/wp\/v2\/pages"}],"about":[{"href":"https:\/\/www.pumps-valves.ch\/fr\/wp-json\/wp\/v2\/types\/page"}],"author":[{"embeddable":true,"href":"https:\/\/www.pumps-valves.ch\/fr\/wp-json\/wp\/v2\/users\/1"}],"replies":[{"embeddable":true,"href":"https:\/\/www.pumps-valves.ch\/fr\/wp-json\/wp\/v2\/comments?post=23265"}],"version-history":[{"count":2,"href":"https:\/\/www.pumps-valves.ch\/fr\/wp-json\/wp\/v2\/pages\/23265\/revisions"}],"predecessor-version":[{"id":25526,"href":"https:\/\/www.pumps-valves.ch\/fr\/wp-json\/wp\/v2\/pages\/23265\/revisions\/25526"}],"wp:attachment":[{"href":"https:\/\/www.pumps-valves.ch\/fr\/wp-json\/wp\/v2\/media?parent=23265"}],"curies":[{"name":"wp","href":"https:\/\/api.w.org\/{rel}","templated":true}]}}