{"id":23480,"date":"2024-05-31T09:38:42","date_gmt":"2024-05-31T07:38:42","guid":{"rendered":"https:\/\/www.pumps-valves.ch\/touch-collect-ffor-visitors\/"},"modified":"2025-02-19T10:49:27","modified_gmt":"2025-02-19T09:49:27","slug":"touch-collect-ffor-visitors","status":"publish","type":"page","link":"https:\/\/www.pumps-valves.ch\/en\/touch-collect-ffor-visitors\/","title":{"rendered":"Touch &amp; Collect for visitors"},"content":{"rendered":"\t\t<div data-elementor-type=\"wp-post\" data-elementor-id=\"23480\" class=\"elementor elementor-23480 elementor-1782\" data-elementor-post-type=\"page\">\n\t\t\t\t\t\t<section class=\"elementor-section elementor-top-section elementor-element elementor-element-51ac5c24 elementor-section-content-middle elementor-section-full_width elementor-section-height-default elementor-section-height-default\" data-id=\"51ac5c24\" data-element_type=\"section\">\n\t\t\t\t\t\t<div class=\"elementor-container elementor-column-gap-no\">\n\t\t\t\t\t<div class=\"elementor-column elementor-col-50 elementor-top-column elementor-element elementor-element-dcfd897\" data-id=\"dcfd897\" data-element_type=\"column\" data-settings=\"{&quot;background_background&quot;:&quot;classic&quot;}\">\n\t\t\t<div class=\"elementor-widget-wrap elementor-element-populated\">\n\t\t\t\t\t\t<div class=\"elementor-element elementor-element-43cd25fa elementor-widget elementor-widget-spacer\" data-id=\"43cd25fa\" data-element_type=\"widget\" data-widget_type=\"spacer.default\">\n\t\t\t\t<div class=\"elementor-widget-container\">\n\t\t\t\t\t\t\t<div class=\"elementor-spacer\">\n\t\t\t<div class=\"elementor-spacer-inner\"><\/div>\n\t\t<\/div>\n\t\t\t\t\t\t<\/div>\n\t\t\t\t<\/div>\n\t\t\t\t\t<\/div>\n\t\t<\/div>\n\t\t\t\t<div class=\"elementor-column elementor-col-50 elementor-top-column elementor-element elementor-element-22e24d37\" data-id=\"22e24d37\" data-element_type=\"column\" data-settings=\"{&quot;background_background&quot;:&quot;classic&quot;}\">\n\t\t\t<div class=\"elementor-widget-wrap elementor-element-populated\">\n\t\t\t\t\t\t<div class=\"elementor-element elementor-element-11281737 elementor-widget elementor-widget-heading\" data-id=\"11281737\" data-element_type=\"widget\" data-widget_type=\"heading.default\">\n\t\t\t\t<div class=\"elementor-widget-container\">\n\t\t\t\t\t<h5 class=\"elementor-heading-title elementor-size-default\">Touch &amp; Collect for visitors<\/h5>\t\t\t\t<\/div>\n\t\t\t\t<\/div>\n\t\t\t\t<div class=\"elementor-element elementor-element-6b2f655d elementor-widget elementor-widget-heading\" data-id=\"6b2f655d\" data-element_type=\"widget\" data-widget_type=\"heading.default\">\n\t\t\t\t<div class=\"elementor-widget-container\">\n\t\t\t\t\t<h2 class=\"elementor-heading-title elementor-size-default\">Smart badge technology - <u>What is a smart badge?&lt;\/u<\/h2>\t\t\t\t<\/div>\n\t\t\t\t<\/div>\n\t\t\t\t<div class=\"elementor-element elementor-element-6d7c0475 elementor-widget elementor-widget-text-editor\" data-id=\"6d7c0475\" data-element_type=\"widget\" data-widget_type=\"text-editor.default\">\n\t\t\t\t<div class=\"elementor-widget-container\">\n\t\t\t\t\t\t\t\t\t<p>To summarise: a smart badge is an intelligent visitor badge. It enables visitors and exhibitors to exchange contact details and information digitally.<\/p>\n\t\t\t\t\t\t\t\t<\/div>\n\t\t\t\t<\/div>\n\t\t\t\t<div class=\"elementor-element elementor-element-1ab0952 elementor-widget elementor-widget-button\" data-id=\"1ab0952\" data-element_type=\"widget\" data-widget_type=\"button.default\">\n\t\t\t\t<div class=\"elementor-widget-container\">\n\t\t\t\t\t\t\t\t\t<div class=\"elementor-button-wrapper\">\n\t\t\t\t\t<a class=\"elementor-button elementor-button-link elementor-size-sm\" href=\"#\">\n\t\t\t\t\t\t<span class=\"elementor-button-content-wrapper\">\n\t\t\t\t\t\t<span class=\"elementor-button-icon\">\n\t\t\t\t<i aria-hidden=\"true\" class=\"fas fa-arrow-right\"><\/i>\t\t\t<\/span>\n\t\t\t\t\t\t\t\t\t<span class=\"elementor-button-text\">Click here<\/span>\n\t\t\t\t\t<\/span>\n\t\t\t\t\t<\/a>\n\t\t\t\t<\/div>\n\t\t\t\t\t\t\t\t<\/div>\n\t\t\t\t<\/div>\n\t\t\t\t\t<\/div>\n\t\t<\/div>\n\t\t\t\t\t<\/div>\n\t\t<\/section>\n\t\t\t\t<section class=\"elementor-section elementor-top-section elementor-element elementor-element-4ef69a9d elementor-section-boxed elementor-section-height-default elementor-section-height-default\" data-id=\"4ef69a9d\" data-element_type=\"section\">\n\t\t\t\t\t\t<div class=\"elementor-container elementor-column-gap-no\">\n\t\t\t\t\t<div class=\"elementor-column elementor-col-100 elementor-top-column elementor-element elementor-element-1c691ae6\" data-id=\"1c691ae6\" data-element_type=\"column\">\n\t\t\t<div class=\"elementor-widget-wrap elementor-element-populated\">\n\t\t\t\t\t\t<div class=\"elementor-element elementor-element-31a40f0 elementor-widget elementor-widget-video\" data-id=\"31a40f0\" data-element_type=\"widget\" data-settings=\"{&quot;youtube_url&quot;:&quot;https:\\\/\\\/www.youtube.com\\\/watch?v=UHAlwKCBV-Q&amp;t=2s&quot;,&quot;video_type&quot;:&quot;youtube&quot;,&quot;controls&quot;:&quot;yes&quot;}\" data-widget_type=\"video.default\">\n\t\t\t\t<div class=\"elementor-widget-container\">\n\t\t\t\t\t\t\t<div class=\"elementor-wrapper elementor-open-inline\">\n\t\t\t<div class=\"elementor-video\"><\/div>\t\t<\/div>\n\t\t\t\t\t\t<\/div>\n\t\t\t\t<\/div>\n\t\t\t\t<div class=\"elementor-element elementor-element-3f1feff0 elementor-widget elementor-widget-text-editor\" data-id=\"3f1feff0\" data-element_type=\"widget\" data-widget_type=\"text-editor.default\">\n\t\t\t\t<div class=\"elementor-widget-container\">\n\t\t\t\t\t\t\t\t\t<h2>Information about Touch &amp; Collect<\/h2>\r\n<strong>What are the requirements?<\/strong>\r\n\r\nAs soon as you touch an exhibitor&#8217;s reader on the stand with your smart badge, you collect information digitally. At the end of your visit, you will receive an e-mail from Easyfairs. This contains your trade fair summary: a list of all exhibitors whose reader you have touched. You can now easily call up all the data that these exhibitors have uploaded in their online profile using individual links.\r\n\r\nBy touching the reader, you also let the exhibitor concerned know that you are interested in their products and that they can contact you.\r\nA digital exchange of business cards therefore takes place.\r\n\r\n<strong>You avoid costs and conserve resources<\/strong>\r\n\r\nSimply enter your contact details when registering visitors. Pay particular attention to entering your e-mail address correctly. This is a basic requirement for us to be able to send you detailed information on \u2018your\u2019 exhibitors at the end of the trade fair day.\r\n\r\n<strong>What are your advantages?<\/strong>\r\n\r\nWith the help of your smart badge, you can easily and digitally collect information from all exhibitors. You get access to product descriptions, images, videos and even job vacancies. There is no need to collect countless brochures and catalogues.You can then share all the information digitally with colleagues.\r\n\r\nIf an exhibitor is not at the stand or is busy with another visitor, you would have to go round again in the past.Thanks to smart badge technology, you can now still obtain information directly from the exhibitor &#8211; simply by touching the reader.\r\nAt the end of your day at the fair, you will receive an e-mail from Easyfairs. This contains a list of all exhibitors with whom you have touched the reader. This automatically provides you with a complete summary of your day at the fair &#8211; including all the detailed information on each exhibitor.\r\n\r\n<strong>What happens to your data?<\/strong>\r\n\r\nEasyfairs will not pass on the personal data you provide when you register. We only use it to inform you about our current and future events.\r\nThis data is only transmitted to exhibitors if you touch the exhibitor&#8217;s reader with your visitor badge or have registered via an exhibitor&#8217;s invitation code or link. By doing so, you are signalling to us and the exhibitor that you are interested in the exhibitor receiving your data for contact purposes.If you do not wish this to happen, please do not touch a reader with your badge or use one of the opt-out options afterwards.Easyfairs takes the protection of your personal data very seriously.For more details, please take a look at our Privacy Policy and our General Terms and Conditions.\t\t\t\t\t\t\t\t<\/div>\n\t\t\t\t<\/div>\n\t\t\t\t\t<\/div>\n\t\t<\/div>\n\t\t\t\t\t<\/div>\n\t\t<\/section>\n\t\t\t\t<section class=\"elementor-section elementor-top-section elementor-element elementor-element-319f1267 elementor-section-boxed elementor-section-height-default elementor-section-height-default\" data-id=\"319f1267\" data-element_type=\"section\">\n\t\t\t\t\t\t<div class=\"elementor-container elementor-column-gap-no\">\n\t\t\t\t\t<div class=\"elementor-column elementor-col-100 elementor-top-column elementor-element elementor-element-6e11b45\" data-id=\"6e11b45\" data-element_type=\"column\">\n\t\t\t<div class=\"elementor-widget-wrap elementor-element-populated\">\n\t\t\t\t\t\t<div class=\"elementor-element elementor-element-6ad8cd45 elementor-widget elementor-widget-text-editor\" data-id=\"6ad8cd45\" data-element_type=\"widget\" data-widget_type=\"text-editor.default\">\n\t\t\t\t<div class=\"elementor-widget-container\">\n\t\t\t\t\t\t\t\t\t<p>\t\t<div data-elementor-type=\"section\" data-elementor-id=\"25085\" class=\"elementor elementor-25085 elementor-10015\" data-elementor-post-type=\"elementor_library\">\n\t\t\t\t\t<section class=\"elementor-section elementor-top-section elementor-element elementor-element-4e74b567 elementor-section-content-middle elementor-section-boxed elementor-section-height-default elementor-section-height-default\" data-id=\"4e74b567\" data-element_type=\"section\">\n\t\t\t\t\t\t<div class=\"elementor-container elementor-column-gap-no\">\n\t\t\t\t\t<div class=\"elementor-column elementor-col-50 elementor-top-column elementor-element elementor-element-483f4020\" data-id=\"483f4020\" data-element_type=\"column\" data-settings=\"{&quot;background_background&quot;:&quot;classic&quot;}\">\n\t\t\t<div class=\"elementor-widget-wrap elementor-element-populated\">\n\t\t\t\t\t\t<div class=\"elementor-element elementor-element-bbd0f1d elementor-view-default elementor-widget elementor-widget-icon\" data-id=\"bbd0f1d\" data-element_type=\"widget\" data-widget_type=\"icon.default\">\n\t\t\t\t<div class=\"elementor-widget-container\">\n\t\t\t\t\t\t\t<div class=\"elementor-icon-wrapper\">\n\t\t\t<div class=\"elementor-icon\">\n\t\t\t<i aria-hidden=\"true\" class=\"far fa-file-pdf\"><\/i>\t\t\t<\/div>\n\t\t<\/div>\n\t\t\t\t\t\t<\/div>\n\t\t\t\t<\/div>\n\t\t\t\t\t<\/div>\n\t\t<\/div>\n\t\t\t\t<div class=\"elementor-column elementor-col-50 elementor-top-column elementor-element elementor-element-18b565b\" data-id=\"18b565b\" data-element_type=\"column\" data-settings=\"{&quot;background_background&quot;:&quot;classic&quot;}\">\n\t\t\t<div class=\"elementor-widget-wrap elementor-element-populated\">\n\t\t\t\t\t\t<div class=\"elementor-element elementor-element-1035c9b elementor-widget elementor-widget-heading\" data-id=\"1035c9b\" data-element_type=\"widget\" data-widget_type=\"heading.default\">\n\t\t\t\t<div class=\"elementor-widget-container\">\n\t\t\t\t\t<h5 class=\"elementor-heading-title elementor-size-default\">trade fair review 2023<\/h5>\t\t\t\t<\/div>\n\t\t\t\t<\/div>\n\t\t\t\t<div class=\"elementor-element elementor-element-aee972a elementor-widget elementor-widget-heading\" data-id=\"aee972a\" data-element_type=\"widget\" data-widget_type=\"heading.default\">\n\t\t\t\t<div class=\"elementor-widget-container\">\n\t\t\t\t\t<h2 class=\"elementor-heading-title elementor-size-default\">PUMPS &amp; VALVES 2023 was a complete success &#8211; find all the facts and figures here!<\/h2>\t\t\t\t<\/div>\n\t\t\t\t<\/div>\n\t\t\t\t<div class=\"elementor-element elementor-element-412c9d47 elementor-mobile-align-center elementor-widget elementor-widget-dynamic-button\" data-id=\"412c9d47\" data-element_type=\"widget\" data-widget_type=\"dynamic-button.default\">\n\t\t\t\t<div class=\"elementor-widget-container\">\n\t\t\t\t\t        <div class=\"elementor-button-wrapper\">\n            <a href=\"https:\/\/easyfairsassets.com\/sites\/93\/2022\/06\/Messerueckblick_2023_PumpsValves.pdf\" target=\"_blank\" class=\"elementor-button-link elementor-button elementor-size-sm elementor-animation-pulse-grow\" role=\"button\">\n                        <span class=\"elementor-button-content-wrapper\">\n\t\t\t                <span class=\"elementor-button-icon elementor-align-icon-right\">\n\t\t\t\t<i aria-hidden=\"true\" class=\"fas fa-arrow-right\"><\/i>\t\t\t<\/span>\n            \t\t\t<span class=\"elementor-button-text\">trade fair review 2023<\/span>\n\t\t<\/span>\n                    <\/a>\n        <\/div>\n        \t\t\t\t<\/div>\n\t\t\t\t<\/div>\n\t\t\t\t\t<\/div>\n\t\t<\/div>\n\t\t\t\t\t<\/div>\n\t\t<\/section>\n\t\t\t\t<\/div>\n\t\t<\/p>\n\t\t\t\t\t\t\t\t<\/div>\n\t\t\t\t<\/div>\n\t\t\t\t\t<\/div>\n\t\t<\/div>\n\t\t\t\t\t<\/div>\n\t\t<\/section>\n\t\t\t\t<section class=\"elementor-section elementor-top-section elementor-element elementor-element-9f86e56 elementor-section-boxed elementor-section-height-default elementor-section-height-default\" data-id=\"9f86e56\" data-element_type=\"section\">\n\t\t\t\t\t\t<div class=\"elementor-container elementor-column-gap-no\">\n\t\t\t\t\t<div class=\"elementor-column elementor-col-100 elementor-top-column elementor-element elementor-element-f1afd6c\" data-id=\"f1afd6c\" data-element_type=\"column\">\n\t\t\t<div class=\"elementor-widget-wrap elementor-element-populated\">\n\t\t\t\t\t\t<div class=\"elementor-element elementor-element-54d98a2 elementor-widget elementor-widget-text-editor\" data-id=\"54d98a2\" data-element_type=\"widget\" data-widget_type=\"text-editor.default\">\n\t\t\t\t<div class=\"elementor-widget-container\">\n\t\t\t\t\t\t\t\t\t<p>\t\t<div data-elementor-type=\"section\" data-elementor-id=\"9950\" class=\"elementor elementor-9950\" data-elementor-post-type=\"elementor_library\">\n\t\t\t\t\t<section class=\"elementor-section elementor-top-section elementor-element elementor-element-345d59b9 elementor-section-boxed elementor-section-height-default elementor-section-height-default\" data-id=\"345d59b9\" data-element_type=\"section\">\n\t\t\t\t\t\t<div class=\"elementor-container elementor-column-gap-no\">\n\t\t\t\t\t<div class=\"elementor-column elementor-col-100 elementor-top-column elementor-element elementor-element-4c6b9c2b\" data-id=\"4c6b9c2b\" data-element_type=\"column\">\n\t\t\t<div class=\"elementor-widget-wrap elementor-element-populated\">\n\t\t\t\t\t\t<div class=\"elementor-element elementor-element-187c12ac elementor-widget elementor-widget-heading\" data-id=\"187c12ac\" data-element_type=\"widget\" data-widget_type=\"heading.default\">\n\t\t\t\t<div class=\"elementor-widget-container\">\n\t\t\t\t\t<h5 class=\"elementor-heading-title elementor-size-default\">\u00dcber den Veranstalter<\/h5>\t\t\t\t<\/div>\n\t\t\t\t<\/div>\n\t\t\t\t<div class=\"elementor-element elementor-element-e4fce3 elementor-widget elementor-widget-heading\" data-id=\"e4fce3\" data-element_type=\"widget\" data-widget_type=\"heading.default\">\n\t\t\t\t<div class=\"elementor-widget-container\">\n\t\t\t\t\t<h2 class=\"elementor-heading-title elementor-size-default\">Easyfairs organisiert Events, die Communities <u>unter dem Motto \u201eVisit the future\u201c zusammenbringen.<\/u><\/h2>\t\t\t\t<\/div>\n\t\t\t\t<\/div>\n\t\t\t\t<div class=\"elementor-element elementor-element-64c7dca3 elementor-widget elementor-widget-text-editor\" data-id=\"64c7dca3\" data-element_type=\"widget\" data-widget_type=\"text-editor.default\">\n\t\t\t\t<div class=\"elementor-widget-container\">\n\t\t\t\t\t\t\t\t\t<p>Wir veranstalten derzeit<b> 200 Events in 14 L\u00e4ndern<\/b> und betreiben 8 eigene Messegel\u00e4nde in Belgien, den Niederlanden und Schweden.<\/p><p>Unser Ziel ist es, das Gesch\u00e4ftsleben unserer Kunden zu vereinfachen und den Return on Investment f\u00fcr professionelle Communities durch unsere <b>All-in-Formate, <\/b>fortschrittliche Technologien und einen kundenzentrierten Ansatz zu erh\u00f6hen.<\/p><p>Unsere digitalen Formate und Initiativen bieten unseren Communities hervorragende M\u00f6glichkeiten, sich effektiv zu vernetzen und das ganze Jahr \u00fcber Gesch\u00e4fte zu machen.<\/p><p>\u201eVisit the future\u201c gemeinsam mit Easyfairs und erfahren Sie mehr auf\u00a0<a style=\"font-family: var( --e-global-typography-text-font-family ), Sans-serif; font-size: var( --e-global-typography-text-font-size ); text-transform: var( --e-global-typography-text-text-transform );\" href=\"http:\/\/www.easyfairs.com\" target=\"_blank\" rel=\"noopener\">www.easyfairs.com<\/a><\/p>\t\t\t\t\t\t\t\t<\/div>\n\t\t\t\t<\/div>\n\t\t\t\t<div class=\"elementor-element elementor-element-7d42a892 elementor-widget elementor-widget-dynamic-button\" data-id=\"7d42a892\" data-element_type=\"widget\" data-widget_type=\"dynamic-button.default\">\n\t\t\t\t<div class=\"elementor-widget-container\">\n\t\t\t\t\t        <div class=\"elementor-button-wrapper\">\n            <a href=\"https:\/\/www.easyfairs.com\" target=\"_blank\" class=\"elementor-button-link elementor-button elementor-size-sm elementor-animation-pulse-grow\" role=\"button\">\n                        <span class=\"elementor-button-content-wrapper\">\n\t\t\t                <span class=\"elementor-button-icon elementor-align-icon-right\">\n\t\t\t\t<i aria-hidden=\"true\" class=\"fas fa-arrow-right\"><\/i>\t\t\t<\/span>\n            \t\t\t<span class=\"elementor-button-text\">Mehr \u00fcber Easyfairs <\/span>\n\t\t<\/span>\n                    <\/a>\n        <\/div>\n        \t\t\t\t<\/div>\n\t\t\t\t<\/div>\n\t\t\t\t\t<\/div>\n\t\t<\/div>\n\t\t\t\t\t<\/div>\n\t\t<\/section>\n\t\t\t\t<\/div>\n\t\t<\/p>\n\t\t\t\t\t\t\t\t<\/div>\n\t\t\t\t<\/div>\n\t\t\t\t\t<\/div>\n\t\t<\/div>\n\t\t\t\t\t<\/div>\n\t\t<\/section>\n\t\t\t\t<\/div>\n\t\t","protected":false},"excerpt":{"rendered":"<p>Touch &#038; Collect for visitors Smart badge technology &#8211; What is a smart badge?<\/p>\n","protected":false},"author":1,"featured_media":0,"parent":0,"menu_order":0,"comment_status":"closed","ping_status":"closed","template":"","meta":{"_seopress_robots_primary_cat":"","_seopress_titles_title":"","_seopress_titles_desc":"","_seopress_robots_index":"","footnotes":""},"class_list":["post-23480","page","type-page","status-publish","hentry"],"_links":{"self":[{"href":"https:\/\/www.pumps-valves.ch\/en\/wp-json\/wp\/v2\/pages\/23480","targetHints":{"allow":["GET"]}}],"collection":[{"href":"https:\/\/www.pumps-valves.ch\/en\/wp-json\/wp\/v2\/pages"}],"about":[{"href":"https:\/\/www.pumps-valves.ch\/en\/wp-json\/wp\/v2\/types\/page"}],"author":[{"embeddable":true,"href":"https:\/\/www.pumps-valves.ch\/en\/wp-json\/wp\/v2\/users\/1"}],"replies":[{"embeddable":true,"href":"https:\/\/www.pumps-valves.ch\/en\/wp-json\/wp\/v2\/comments?post=23480"}],"version-history":[{"count":2,"href":"https:\/\/www.pumps-valves.ch\/en\/wp-json\/wp\/v2\/pages\/23480\/revisions"}],"predecessor-version":[{"id":25270,"href":"https:\/\/www.pumps-valves.ch\/en\/wp-json\/wp\/v2\/pages\/23480\/revisions\/25270"}],"wp:attachment":[{"href":"https:\/\/www.pumps-valves.ch\/en\/wp-json\/wp\/v2\/media?parent=23480"}],"curies":[{"name":"wp","href":"https:\/\/api.w.org\/{rel}","templated":true}]}}