{"id":1782,"date":"2019-05-09T15:06:34","date_gmt":"2019-05-09T13:06:34","guid":{"rendered":"https:\/\/www.pumps-valves.ch\/?page_id=1782"},"modified":"2024-02-29T17:19:29","modified_gmt":"2024-02-29T16:19:29","slug":"touch-collect-fuer-besucher","status":"publish","type":"page","link":"https:\/\/www.pumps-valves.ch\/de\/touch-collect-fuer-besucher\/","title":{"rendered":"Touch &amp; Collect f\u00fcr Besucher"},"content":{"rendered":"\t\t<div data-elementor-type=\"wp-post\" data-elementor-id=\"1782\" class=\"elementor elementor-1782\" data-elementor-post-type=\"page\">\n\t\t\t\t\t\t<section class=\"elementor-section elementor-top-section elementor-element elementor-element-51ac5c24 elementor-section-content-middle elementor-section-full_width elementor-section-height-default elementor-section-height-default\" data-id=\"51ac5c24\" data-element_type=\"section\">\n\t\t\t\t\t\t<div class=\"elementor-container elementor-column-gap-no\">\n\t\t\t\t\t<div class=\"elementor-column elementor-col-50 elementor-top-column elementor-element elementor-element-dcfd897\" data-id=\"dcfd897\" data-element_type=\"column\" data-settings=\"{&quot;background_background&quot;:&quot;classic&quot;}\">\n\t\t\t<div class=\"elementor-widget-wrap elementor-element-populated\">\n\t\t\t\t\t\t<div class=\"elementor-element elementor-element-43cd25fa elementor-widget elementor-widget-spacer\" data-id=\"43cd25fa\" data-element_type=\"widget\" data-widget_type=\"spacer.default\">\n\t\t\t\t<div class=\"elementor-widget-container\">\n\t\t\t\t\t\t\t<div class=\"elementor-spacer\">\n\t\t\t<div class=\"elementor-spacer-inner\"><\/div>\n\t\t<\/div>\n\t\t\t\t\t\t<\/div>\n\t\t\t\t<\/div>\n\t\t\t\t\t<\/div>\n\t\t<\/div>\n\t\t\t\t<div class=\"elementor-column elementor-col-50 elementor-top-column elementor-element elementor-element-22e24d37\" data-id=\"22e24d37\" data-element_type=\"column\" data-settings=\"{&quot;background_background&quot;:&quot;classic&quot;}\">\n\t\t\t<div class=\"elementor-widget-wrap elementor-element-populated\">\n\t\t\t\t\t\t<div class=\"elementor-element elementor-element-11281737 elementor-widget elementor-widget-heading\" data-id=\"11281737\" data-element_type=\"widget\" data-widget_type=\"heading.default\">\n\t\t\t\t<div class=\"elementor-widget-container\">\n\t\t\t\t\t<h5 class=\"elementor-heading-title elementor-size-default\">Touch &amp; Collect f\u00fcr Besucher\u200b<\/h5>\t\t\t\t<\/div>\n\t\t\t\t<\/div>\n\t\t\t\t<div class=\"elementor-element elementor-element-6b2f655d elementor-widget elementor-widget-heading\" data-id=\"6b2f655d\" data-element_type=\"widget\" data-widget_type=\"heading.default\">\n\t\t\t\t<div class=\"elementor-widget-container\">\n\t\t\t\t\t<h2 class=\"elementor-heading-title elementor-size-default\">Smart-Badge-Technologie \u2013 <u>Was ist ein Smart-Badge?<\/u><\/h2>\t\t\t\t<\/div>\n\t\t\t\t<\/div>\n\t\t\t\t<div class=\"elementor-element elementor-element-6d7c0475 elementor-widget elementor-widget-text-editor\" data-id=\"6d7c0475\" data-element_type=\"widget\" data-widget_type=\"text-editor.default\">\n\t\t\t\t<div class=\"elementor-widget-container\">\n\t\t\t\t\t\t\t\t\tZusammengefasst: ein Smart-Badge ist ein intelligenter Besucherausweis. Es erm\u00f6glicht Besuchern und Ausstellern Kontaktdaten und Informationen digital auszutauschen.\t\t\t\t\t\t\t\t<\/div>\n\t\t\t\t<\/div>\n\t\t\t\t<div class=\"elementor-element elementor-element-1ab0952 elementor-widget elementor-widget-button\" data-id=\"1ab0952\" data-element_type=\"widget\" data-widget_type=\"button.default\">\n\t\t\t\t<div class=\"elementor-widget-container\">\n\t\t\t\t\t\t\t\t\t<div class=\"elementor-button-wrapper\">\n\t\t\t\t\t<a class=\"elementor-button elementor-button-link elementor-size-sm\" href=\"#\">\n\t\t\t\t\t\t<span class=\"elementor-button-content-wrapper\">\n\t\t\t\t\t\t<span class=\"elementor-button-icon\">\n\t\t\t\t<i aria-hidden=\"true\" class=\"fas fa-arrow-right\"><\/i>\t\t\t<\/span>\n\t\t\t\t\t\t\t\t\t<span class=\"elementor-button-text\">Hier Klicken<\/span>\n\t\t\t\t\t<\/span>\n\t\t\t\t\t<\/a>\n\t\t\t\t<\/div>\n\t\t\t\t\t\t\t\t<\/div>\n\t\t\t\t<\/div>\n\t\t\t\t\t<\/div>\n\t\t<\/div>\n\t\t\t\t\t<\/div>\n\t\t<\/section>\n\t\t\t\t<section class=\"elementor-section elementor-top-section elementor-element elementor-element-4ef69a9d elementor-section-boxed elementor-section-height-default elementor-section-height-default\" data-id=\"4ef69a9d\" data-element_type=\"section\">\n\t\t\t\t\t\t<div class=\"elementor-container elementor-column-gap-no\">\n\t\t\t\t\t<div class=\"elementor-column elementor-col-100 elementor-top-column elementor-element elementor-element-1c691ae6\" data-id=\"1c691ae6\" data-element_type=\"column\">\n\t\t\t<div class=\"elementor-widget-wrap elementor-element-populated\">\n\t\t\t\t\t\t<div class=\"elementor-element elementor-element-31a40f0 elementor-widget elementor-widget-video\" data-id=\"31a40f0\" data-element_type=\"widget\" data-settings=\"{&quot;youtube_url&quot;:&quot;https:\\\/\\\/www.youtube.com\\\/watch?v=UHAlwKCBV-Q&amp;t=2s&quot;,&quot;video_type&quot;:&quot;youtube&quot;,&quot;controls&quot;:&quot;yes&quot;}\" data-widget_type=\"video.default\">\n\t\t\t\t<div class=\"elementor-widget-container\">\n\t\t\t\t\t\t\t<div class=\"elementor-wrapper elementor-open-inline\">\n\t\t\t<div class=\"elementor-video\"><\/div>\t\t<\/div>\n\t\t\t\t\t\t<\/div>\n\t\t\t\t<\/div>\n\t\t\t\t<div class=\"elementor-element elementor-element-3f1feff0 elementor-widget elementor-widget-text-editor\" data-id=\"3f1feff0\" data-element_type=\"widget\" data-widget_type=\"text-editor.default\">\n\t\t\t\t<div class=\"elementor-widget-container\">\n\t\t\t\t\t\t\t\t\t<h3>Infos zu <u>Touch &amp; Collect<\/u><\/h3>\n<p><strong>Was sind die Voraussetzungen?<\/strong><\/p>\n<p>Sobald Sie das Leseger\u00e4t eines Ausstellers am Messestand mit Ihrem Smart-Badge ber\u00fchren, sammeln Sie digital Informationen ein. Am Ende Ihres Besuchstages erhalten Sie eine E-Mail von Easyfairs. Diese enth\u00e4lt Ihre Messezusammenfassung: eine Liste aller Aussteller, deren Leseger\u00e4t Sie ber\u00fchrt haben. S\u00e4mtliche Daten, die diese Aussteller in ihrem Online-Profil hochgeladen haben, k\u00f6nnen Sie nun anhand individueller Links ganz einfach abrufen.<\/p>\n<p>Durch die Ber\u00fchrung des Leseger\u00e4tes teilen Sie dem betreffenden Aussteller gleichzeitig mit, dass Sie sich f\u00fcr seine Produkte interessieren und dass er mit Ihnen in Kontakt treten darf.<br>Es findet also ein digitaler Austausch von Visitenkarten statt.<\/p>\n<p><strong>Sie vermeiden Kosten und schonen Ressourcen<\/strong><\/p>\n<p>Geben Sie im Rahmen der Besucherregistrierung einfach Ihre Kontaktdaten an. Achten Sie dabei insbesondere auf die korrekte Eingabe Ihrer E-Mail-Adresse. Diese ist Grundvoraussetzung daf\u00fcr, dass wir Ihnen am Ende des Messetages die Detailinformationen zu \u201eIhren\u201c Ausstellern zusenden k\u00f6nnen.<\/p>\n<p><strong>Was sind Ihre Vorteile?<\/strong><\/p>\n<p>Mit Hilfe Ihres Smart-Badges k\u00f6nnen Sie ganz einfach und digital Informationen von allen Ausstellern einsammeln. Sie erhalten Zugriff auf Produktbeschreibungen, Bilder, Videos oder auch Stellenangebote. Das Einsammeln zahlloser Prospekte und Kataloge entf\u00e4llt. S\u00e4mtliche Informationen k\u00f6nnen Sie im Anschluss auch digital mit Kollegen teilen.<\/p>\n<p>Sollte ein Aussteller nicht am Messestand oder mit einem anderen Besucher besch\u00e4ftigt sein, so mussten Sie in der Vergangenheit nochmals vorbeigehen. Dank der Smart-Badge-Technologie k\u00f6nnen Sie nun trotzdem direkt Informationen des Ausstellers einholen \u2013 ganz einfach durch die Ber\u00fchrung des Leseger\u00e4tes.<br>Am Ende Ihres Messetages erhalten Sie eine E-Mail von Easyfairs. Diese enth\u00e4lt eine Liste s\u00e4mtlicher Aussteller, bei denen Sie das Leseger\u00e4t ber\u00fchrt haben. Somit haben Sie automatisch eine vollst\u00e4ndige Zusammenfassung Ihres Messetages \u2013 inklusive s\u00e4mtlicher Detailinformationen zu jedem Aussteller.<\/p>\n<p><strong>Was geschieht mit Ihren Daten?<\/strong><\/p>\n<p>Ihre pers\u00f6nlichen Daten, die Sie bei der Registrierung hinterlegen, werden von Easyfairs nicht weitergegeben. Wir nutzen diese lediglich, um Sie \u00fcber aktuelle und ggf. zuk\u00fcnftige eigene Veranstaltungen zu informieren.<br>Diese Daten werden ausschlie\u00dflich dann an Aussteller \u00fcbermittelt, wenn Sie das Leseger\u00e4t des Ausstellers mit Ihrem Besucherausweis ber\u00fchren oder sich \u00fcber einen Einladungs-Code bzw -Link eines Ausstellers angemeldet haben. Damit signalisieren Sie uns und dem Aussteller, dass Sie daran interessiert sind, dass der Aussteller Ihre Daten zur Kontaktaufnahme erhalten darf. Wenn Sie dies nicht w\u00fcnschen, dann bitten wir Sie darum, kein Leseger\u00e4t mit Ihrem Ausweis zu ber\u00fchren oder im Nachhinein eine der Opt-Out-M\u00f6glichkeiten zu nutzen.<br>Easyfairs nimmt den Schutz Ihrer pers\u00f6nlichen Daten sehr ernst. F\u00fcr weitere Details werfen Sie bitte einen Blick auf unsere Datenschutzrichtlinien und unsere Allgemeinen Gesch\u00e4ftsbedingungen.<\/p>\t\t\t\t\t\t\t\t<\/div>\n\t\t\t\t<\/div>\n\t\t\t\t\t<\/div>\n\t\t<\/div>\n\t\t\t\t\t<\/div>\n\t\t<\/section>\n\t\t\t\t<section class=\"elementor-section elementor-top-section elementor-element elementor-element-319f1267 elementor-section-boxed elementor-section-height-default elementor-section-height-default\" data-id=\"319f1267\" data-element_type=\"section\">\n\t\t\t\t\t\t<div class=\"elementor-container elementor-column-gap-no\">\n\t\t\t\t\t<div class=\"elementor-column elementor-col-100 elementor-top-column elementor-element elementor-element-6e11b45\" data-id=\"6e11b45\" data-element_type=\"column\">\n\t\t\t<div class=\"elementor-widget-wrap elementor-element-populated\">\n\t\t\t\t\t\t<div class=\"elementor-element elementor-element-6ad8cd45 elementor-widget elementor-widget-text-editor\" data-id=\"6ad8cd45\" data-element_type=\"widget\" data-widget_type=\"text-editor.default\">\n\t\t\t\t<div class=\"elementor-widget-container\">\n\t\t\t\t\t\t\t\t\t<p>\t\t<div data-elementor-type=\"section\" data-elementor-id=\"10015\" class=\"elementor elementor-10015\" data-elementor-post-type=\"elementor_library\">\n\t\t\t\t\t<section class=\"elementor-section elementor-top-section elementor-element elementor-element-4e74b567 elementor-section-content-middle elementor-section-boxed elementor-section-height-default elementor-section-height-default\" data-id=\"4e74b567\" data-element_type=\"section\">\n\t\t\t\t\t\t<div class=\"elementor-container elementor-column-gap-no\">\n\t\t\t\t\t<div class=\"elementor-column elementor-col-50 elementor-top-column elementor-element elementor-element-483f4020\" data-id=\"483f4020\" data-element_type=\"column\" data-settings=\"{&quot;background_background&quot;:&quot;classic&quot;}\">\n\t\t\t<div class=\"elementor-widget-wrap elementor-element-populated\">\n\t\t\t\t\t\t<div class=\"elementor-element elementor-element-bbd0f1d elementor-view-default elementor-widget elementor-widget-icon\" data-id=\"bbd0f1d\" data-element_type=\"widget\" data-widget_type=\"icon.default\">\n\t\t\t\t<div class=\"elementor-widget-container\">\n\t\t\t\t\t\t\t<div class=\"elementor-icon-wrapper\">\n\t\t\t<div class=\"elementor-icon\">\n\t\t\t<i aria-hidden=\"true\" class=\"far fa-file-pdf\"><\/i>\t\t\t<\/div>\n\t\t<\/div>\n\t\t\t\t\t\t<\/div>\n\t\t\t\t<\/div>\n\t\t\t\t\t<\/div>\n\t\t<\/div>\n\t\t\t\t<div class=\"elementor-column elementor-col-50 elementor-top-column elementor-element elementor-element-18b565b\" data-id=\"18b565b\" data-element_type=\"column\" data-settings=\"{&quot;background_background&quot;:&quot;classic&quot;}\">\n\t\t\t<div class=\"elementor-widget-wrap elementor-element-populated\">\n\t\t\t\t\t\t<div class=\"elementor-element elementor-element-1035c9b elementor-widget elementor-widget-heading\" data-id=\"1035c9b\" data-element_type=\"widget\" data-widget_type=\"heading.default\">\n\t\t\t\t<div class=\"elementor-widget-container\">\n\t\t\t\t\t<h5 class=\"elementor-heading-title elementor-size-default\">Messer\u00fcckblick 2023<\/h5>\t\t\t\t<\/div>\n\t\t\t\t<\/div>\n\t\t\t\t<div class=\"elementor-element elementor-element-aee972a elementor-widget elementor-widget-heading\" data-id=\"aee972a\" data-element_type=\"widget\" data-widget_type=\"heading.default\">\n\t\t\t\t<div class=\"elementor-widget-container\">\n\t\t\t\t\t<h2 class=\"elementor-heading-title elementor-size-default\">Die PUMPS &amp; VALVES 2023 war ein voller Erfolg &#8211; hier finden Sie alle Zahlen, \nDaten und Fakten!<\/h2>\t\t\t\t<\/div>\n\t\t\t\t<\/div>\n\t\t\t\t<div class=\"elementor-element elementor-element-412c9d47 elementor-mobile-align-center elementor-widget elementor-widget-dynamic-button\" data-id=\"412c9d47\" data-element_type=\"widget\" data-widget_type=\"dynamic-button.default\">\n\t\t\t\t<div class=\"elementor-widget-container\">\n\t\t\t\t\t        <div class=\"elementor-button-wrapper\">\n            <a href=\"https:\/\/easyfairsassets.com\/sites\/93\/2022\/06\/Messerueckblick_2023_PumpsValves.pdf\" target=\"_blank\" class=\"elementor-button-link elementor-button elementor-size-sm elementor-animation-pulse-grow\" role=\"button\">\n                        <span class=\"elementor-button-content-wrapper\">\n\t\t\t                <span class=\"elementor-button-icon elementor-align-icon-right\">\n\t\t\t\t<i aria-hidden=\"true\" class=\"fas fa-arrow-right\"><\/i>\t\t\t<\/span>\n            \t\t\t<span class=\"elementor-button-text\">Messer\u00fcckblick 2023<\/span>\n\t\t<\/span>\n                    <\/a>\n        <\/div>\n        \t\t\t\t<\/div>\n\t\t\t\t<\/div>\n\t\t\t\t\t<\/div>\n\t\t<\/div>\n\t\t\t\t\t<\/div>\n\t\t<\/section>\n\t\t\t\t<\/div>\n\t\t<\/p>\t\t\t\t\t\t\t\t<\/div>\n\t\t\t\t<\/div>\n\t\t\t\t\t<\/div>\n\t\t<\/div>\n\t\t\t\t\t<\/div>\n\t\t<\/section>\n\t\t\t\t<section class=\"elementor-section elementor-top-section elementor-element elementor-element-9f86e56 elementor-section-boxed elementor-section-height-default elementor-section-height-default\" data-id=\"9f86e56\" data-element_type=\"section\">\n\t\t\t\t\t\t<div class=\"elementor-container elementor-column-gap-no\">\n\t\t\t\t\t<div class=\"elementor-column elementor-col-100 elementor-top-column elementor-element elementor-element-f1afd6c\" data-id=\"f1afd6c\" data-element_type=\"column\">\n\t\t\t<div class=\"elementor-widget-wrap elementor-element-populated\">\n\t\t\t\t\t\t<div class=\"elementor-element elementor-element-54d98a2 elementor-widget elementor-widget-text-editor\" data-id=\"54d98a2\" data-element_type=\"widget\" data-widget_type=\"text-editor.default\">\n\t\t\t\t<div class=\"elementor-widget-container\">\n\t\t\t\t\t\t\t\t\t\t\t<div data-elementor-type=\"section\" data-elementor-id=\"9950\" class=\"elementor elementor-9950\" data-elementor-post-type=\"elementor_library\">\n\t\t\t\t\t<section class=\"elementor-section elementor-top-section elementor-element elementor-element-345d59b9 elementor-section-boxed elementor-section-height-default elementor-section-height-default\" data-id=\"345d59b9\" data-element_type=\"section\">\n\t\t\t\t\t\t<div class=\"elementor-container elementor-column-gap-no\">\n\t\t\t\t\t<div class=\"elementor-column elementor-col-100 elementor-top-column elementor-element elementor-element-4c6b9c2b\" data-id=\"4c6b9c2b\" data-element_type=\"column\">\n\t\t\t<div class=\"elementor-widget-wrap elementor-element-populated\">\n\t\t\t\t\t\t<div class=\"elementor-element elementor-element-187c12ac elementor-widget elementor-widget-heading\" data-id=\"187c12ac\" data-element_type=\"widget\" data-widget_type=\"heading.default\">\n\t\t\t\t<div class=\"elementor-widget-container\">\n\t\t\t\t\t<h5 class=\"elementor-heading-title elementor-size-default\">\u00dcber den Veranstalter<\/h5>\t\t\t\t<\/div>\n\t\t\t\t<\/div>\n\t\t\t\t<div class=\"elementor-element elementor-element-e4fce3 elementor-widget elementor-widget-heading\" data-id=\"e4fce3\" data-element_type=\"widget\" data-widget_type=\"heading.default\">\n\t\t\t\t<div class=\"elementor-widget-container\">\n\t\t\t\t\t<h2 class=\"elementor-heading-title elementor-size-default\">Easyfairs organisiert Events, die Communities <u>unter dem Motto \u201eVisit the future\u201c zusammenbringen.<\/u><\/h2>\t\t\t\t<\/div>\n\t\t\t\t<\/div>\n\t\t\t\t<div class=\"elementor-element elementor-element-64c7dca3 elementor-widget elementor-widget-text-editor\" data-id=\"64c7dca3\" data-element_type=\"widget\" data-widget_type=\"text-editor.default\">\n\t\t\t\t<div class=\"elementor-widget-container\">\n\t\t\t\t\t\t\t\t\t<p>Wir veranstalten derzeit<b> 200 Events in 14 L\u00e4ndern<\/b> und betreiben 8 eigene Messegel\u00e4nde in Belgien, den Niederlanden und Schweden.<\/p><p>Unser Ziel ist es, das Gesch\u00e4ftsleben unserer Kunden zu vereinfachen und den Return on Investment f\u00fcr professionelle Communities durch unsere <b>All-in-Formate, <\/b>fortschrittliche Technologien und einen kundenzentrierten Ansatz zu erh\u00f6hen.<\/p><p>Unsere digitalen Formate und Initiativen bieten unseren Communities hervorragende M\u00f6glichkeiten, sich effektiv zu vernetzen und das ganze Jahr \u00fcber Gesch\u00e4fte zu machen.<\/p><p>\u201eVisit the future\u201c gemeinsam mit Easyfairs und erfahren Sie mehr auf\u00a0<a style=\"font-family: var( --e-global-typography-text-font-family ), Sans-serif; font-size: var( --e-global-typography-text-font-size ); text-transform: var( --e-global-typography-text-text-transform );\" href=\"http:\/\/www.easyfairs.com\" target=\"_blank\" rel=\"noopener\">www.easyfairs.com<\/a><\/p>\t\t\t\t\t\t\t\t<\/div>\n\t\t\t\t<\/div>\n\t\t\t\t<div class=\"elementor-element elementor-element-7d42a892 elementor-widget elementor-widget-dynamic-button\" data-id=\"7d42a892\" data-element_type=\"widget\" data-widget_type=\"dynamic-button.default\">\n\t\t\t\t<div class=\"elementor-widget-container\">\n\t\t\t\t\t        <div class=\"elementor-button-wrapper\">\n            <a href=\"https:\/\/www.easyfairs.com\" target=\"_blank\" class=\"elementor-button-link elementor-button elementor-size-sm elementor-animation-pulse-grow\" role=\"button\">\n                        <span class=\"elementor-button-content-wrapper\">\n\t\t\t                <span class=\"elementor-button-icon elementor-align-icon-right\">\n\t\t\t\t<i aria-hidden=\"true\" class=\"fas fa-arrow-right\"><\/i>\t\t\t<\/span>\n            \t\t\t<span class=\"elementor-button-text\">Mehr \u00fcber Easyfairs <\/span>\n\t\t<\/span>\n                    <\/a>\n        <\/div>\n        \t\t\t\t<\/div>\n\t\t\t\t<\/div>\n\t\t\t\t\t<\/div>\n\t\t<\/div>\n\t\t\t\t\t<\/div>\n\t\t<\/section>\n\t\t\t\t<\/div>\n\t\t\t\t\t\t\t\t\t\t<\/div>\n\t\t\t\t<\/div>\n\t\t\t\t\t<\/div>\n\t\t<\/div>\n\t\t\t\t\t<\/div>\n\t\t<\/section>\n\t\t\t\t<\/div>\n\t\t","protected":false},"excerpt":{"rendered":"<p>Touch &#038; Collect f\u00fcr Besucher\u200b Smart-Badge-Technologie \u2013 Was ist ein Smart-Badge? Zusammengefasst: ein Smart-Badge ist ein intelligenter Besucherausweis. Es erm\u00f6glicht Besuchern und Ausstellern Kontaktdaten und Informationen digital auszutauschen. Hier Klicken https:\/\/www.youtube.com\/watch?v=UHAlwKCBV-Q&#038;t=2s Infos zu Touch &amp; Collect Was sind die Voraussetzungen? Sobald Sie das Leseger\u00e4t eines Ausstellers am Messestand mit Ihrem Smart-Badge ber\u00fchren, sammeln Sie digital [&hellip;]<\/p>\n","protected":false},"author":1,"featured_media":0,"parent":0,"menu_order":0,"comment_status":"closed","ping_status":"closed","template":"","meta":{"_seopress_robots_primary_cat":"","_seopress_titles_title":"","_seopress_titles_desc":"","_seopress_robots_index":"","footnotes":""},"class_list":["post-1782","page","type-page","status-publish","hentry"],"_links":{"self":[{"href":"https:\/\/www.pumps-valves.ch\/de\/wp-json\/wp\/v2\/pages\/1782","targetHints":{"allow":["GET"]}}],"collection":[{"href":"https:\/\/www.pumps-valves.ch\/de\/wp-json\/wp\/v2\/pages"}],"about":[{"href":"https:\/\/www.pumps-valves.ch\/de\/wp-json\/wp\/v2\/types\/page"}],"author":[{"embeddable":true,"href":"https:\/\/www.pumps-valves.ch\/de\/wp-json\/wp\/v2\/users\/1"}],"replies":[{"embeddable":true,"href":"https:\/\/www.pumps-valves.ch\/de\/wp-json\/wp\/v2\/comments?post=1782"}],"version-history":[{"count":5,"href":"https:\/\/www.pumps-valves.ch\/de\/wp-json\/wp\/v2\/pages\/1782\/revisions"}],"predecessor-version":[{"id":22515,"href":"https:\/\/www.pumps-valves.ch\/de\/wp-json\/wp\/v2\/pages\/1782\/revisions\/22515"}],"wp:attachment":[{"href":"https:\/\/www.pumps-valves.ch\/de\/wp-json\/wp\/v2\/media?parent=1782"}],"curies":[{"name":"wp","href":"https:\/\/api.w.org\/{rel}","templated":true}]}}