{"id":1553,"date":"2019-05-07T13:18:16","date_gmt":"2019-05-07T11:18:16","guid":{"rendered":"https:\/\/www.pumps-valves.ch\/?page_id=1553"},"modified":"2024-03-27T16:07:52","modified_gmt":"2024-03-27T15:07:52","slug":"touch-collect","status":"publish","type":"page","link":"https:\/\/www.pumps-valves.ch\/de\/touch-collect\/","title":{"rendered":"Touch &amp; Collect"},"content":{"rendered":"\t\t<div data-elementor-type=\"wp-post\" data-elementor-id=\"1553\" class=\"elementor elementor-1553\" data-elementor-post-type=\"page\">\n\t\t\t\t\t\t<section class=\"elementor-section elementor-top-section elementor-element elementor-element-10f5cbd6 elementor-section-content-middle elementor-section-full_width elementor-section-height-default elementor-section-height-default\" data-id=\"10f5cbd6\" data-element_type=\"section\">\n\t\t\t\t\t\t<div class=\"elementor-container elementor-column-gap-no\">\n\t\t\t\t\t<div class=\"elementor-column elementor-col-50 elementor-top-column elementor-element elementor-element-3b63ac04\" data-id=\"3b63ac04\" data-element_type=\"column\" data-settings=\"{&quot;background_background&quot;:&quot;classic&quot;}\">\n\t\t\t<div class=\"elementor-widget-wrap elementor-element-populated\">\n\t\t\t\t\t\t<div class=\"elementor-element elementor-element-54bded0d elementor-widget elementor-widget-spacer\" data-id=\"54bded0d\" data-element_type=\"widget\" data-widget_type=\"spacer.default\">\n\t\t\t\t<div class=\"elementor-widget-container\">\n\t\t\t\t\t\t\t<div class=\"elementor-spacer\">\n\t\t\t<div class=\"elementor-spacer-inner\"><\/div>\n\t\t<\/div>\n\t\t\t\t\t\t<\/div>\n\t\t\t\t<\/div>\n\t\t\t\t\t<\/div>\n\t\t<\/div>\n\t\t\t\t<div class=\"elementor-column elementor-col-50 elementor-top-column elementor-element elementor-element-179f87bf\" data-id=\"179f87bf\" data-element_type=\"column\" data-settings=\"{&quot;background_background&quot;:&quot;classic&quot;}\">\n\t\t\t<div class=\"elementor-widget-wrap elementor-element-populated\">\n\t\t\t\t\t\t<div class=\"elementor-element elementor-element-4b953033 elementor-widget elementor-widget-heading\" data-id=\"4b953033\" data-element_type=\"widget\" data-widget_type=\"heading.default\">\n\t\t\t\t<div class=\"elementor-widget-container\">\n\t\t\t\t\t<h5 class=\"elementor-heading-title elementor-size-default\">Touch &amp; Collect<\/h5>\t\t\t\t<\/div>\n\t\t\t\t<\/div>\n\t\t\t\t<div class=\"elementor-element elementor-element-6b4fa53 elementor-widget elementor-widget-heading\" data-id=\"6b4fa53\" data-element_type=\"widget\" data-widget_type=\"heading.default\">\n\t\t\t\t<div class=\"elementor-widget-container\">\n\t\t\t\t\t<h2 class=\"elementor-heading-title elementor-size-default\">Machen Sie aus Ihren Besuchern <u>hochqualifizierte Kontakte <\/u><\/h2>\t\t\t\t<\/div>\n\t\t\t\t<\/div>\n\t\t\t\t<div class=\"elementor-element elementor-element-69233121 elementor-widget elementor-widget-text-editor\" data-id=\"69233121\" data-element_type=\"widget\" data-widget_type=\"text-editor.default\">\n\t\t\t\t<div class=\"elementor-widget-container\">\n\t\t\t\t\t\t\t\t\t<p>Als Teil Ihres EasyGo Paketes, erhalten alle Aussteller ein NFC-Leseger\u00e4t, um den Gesamteindruck f\u00fcr Besucher zu steigern. Das drahtlose Leseger\u00e4t an Ihrem Stand \u00fcbertr\u00e4gt Ihre Produkt- und Firmeninformationen, die Sie in Ihrem\u00a0MyEasyfairs\u00a0Account hochgeladen haben, digital an die Besucher.<\/p>\t\t\t\t\t\t\t\t<\/div>\n\t\t\t\t<\/div>\n\t\t\t\t<div class=\"elementor-element elementor-element-0874261 elementor-widget elementor-widget-button\" data-id=\"0874261\" data-element_type=\"widget\" data-widget_type=\"button.default\">\n\t\t\t\t<div class=\"elementor-widget-container\">\n\t\t\t\t\t\t\t\t\t<div class=\"elementor-button-wrapper\">\n\t\t\t\t\t<a class=\"elementor-button elementor-button-link elementor-size-sm\" href=\"#content\">\n\t\t\t\t\t\t<span class=\"elementor-button-content-wrapper\">\n\t\t\t\t\t\t<span class=\"elementor-button-icon\">\n\t\t\t\t<i aria-hidden=\"true\" class=\"fas fa-arrow-right\"><\/i>\t\t\t<\/span>\n\t\t\t\t\t\t\t\t\t<span class=\"elementor-button-text\">mehr lesen<\/span>\n\t\t\t\t\t<\/span>\n\t\t\t\t\t<\/a>\n\t\t\t\t<\/div>\n\t\t\t\t\t\t\t\t<\/div>\n\t\t\t\t<\/div>\n\t\t\t\t\t<\/div>\n\t\t<\/div>\n\t\t\t\t\t<\/div>\n\t\t<\/section>\n\t\t\t\t<section class=\"elementor-section elementor-top-section elementor-element elementor-element-1ecfc371 elementor-section-boxed elementor-section-height-default elementor-section-height-default\" data-id=\"1ecfc371\" data-element_type=\"section\" id=\"content\">\n\t\t\t\t\t\t<div class=\"elementor-container elementor-column-gap-no\">\n\t\t\t\t\t<div class=\"elementor-column elementor-col-100 elementor-top-column elementor-element elementor-element-c968808\" data-id=\"c968808\" data-element_type=\"column\">\n\t\t\t<div class=\"elementor-widget-wrap elementor-element-populated\">\n\t\t\t\t\t\t<div class=\"elementor-element elementor-element-74b32b5e elementor-widget elementor-widget-text-editor\" data-id=\"74b32b5e\" data-element_type=\"widget\" id=\"content\" data-widget_type=\"text-editor.default\">\n\t\t\t\t<div class=\"elementor-widget-container\">\n\t\t\t\t\t\t\t\t\t<h3>Informationen f\u00fcr Aussteller<\/h3><p><strong>Wie funktioniert&#8217;s?\u200b<\/strong><\/p><p>Sobald Besucher Ihr Leseger\u00e4t mit dem Besucherausweis ber\u00fchren, sammeln sie s\u00e4mtliche Informationen \u00fcber Ihre Firma und Produkte, die Sie in Ihrem MyEasyfairs Account hochgeladen haben. Am Ende des Messetages erhalten die Besucher diese Informationen als Messezusammenfassung per E-Mail zugesandt.<\/p><p>Wenn Sie GoLeads, GoPlus\u00a0 oder GoPremium nutzen, erhalten Sie die Daten der Besucher, die Ihr Leseger\u00e4t ber\u00fchrt haben. Sie k\u00f6nnen diese in MyEasyfairs herunterladen.<\/p><p>Nur GoVisibility? Ihre Besucher haben Ihre Informationen \u00fcber Ihr Leseger\u00e4t erhalten. Damit Sie die Daten Ihrer Besucher erhalten k\u00f6nnen, m\u00fcssen Sie Ihr Paket auf GoPlus erweitern.<\/p><p><strong>Was m\u00fcssen Sie vor der Messe daf\u00fcr erledigen? \u200b<\/strong><\/p><p>Stellen Sie sicher, dass Ihr Firmenprofil in Ihrem MyEasyfairs Account (Firmendaten, Produkte und Kontaktinformationen) auf dem neuesten Stand ist. Diese Informationen erh\u00e4lt der Besucher digital, wenn er mit seinem Ausweis Ihr Leseger\u00e4t am Stand ber\u00fchrt hat.<\/p><p><strong>Was m\u00fcssen Sie auf der Messe daf\u00fcr erledigen?<\/strong><\/p><p>Sie bekommen am Aufbautag das einsatzbereite Leseger\u00e4t auf einem standardisierten Aufsteller auf Ihrem Stand platziert.<\/p><p>Diesen k\u00f6nnen Sie so positionieren, wie Sie m\u00f6chten.<\/p><p>Am Ende der Messe werden die Leseger\u00e4te von unserem Team wieder eingesammelt.<\/p><p>Bitte achten Sie darauf, dass Sie den Aufsteller mit dem Leseger\u00e4t am 1. Messetag auf Ihrem Stand vorfinden. Wenn nicht, setzen Sie sich bitte umgehend mit dem Messe-Team in Verbindung, da Aufsteller und Leseger\u00e4t Teil Ihres Standpakets sind um am Ende der Messe zur\u00fcckgegeben werden m\u00fcssen.<\/p>\t\t\t\t\t\t\t\t<\/div>\n\t\t\t\t<\/div>\n\t\t\t\t\t<\/div>\n\t\t<\/div>\n\t\t\t\t\t<\/div>\n\t\t<\/section>\n\t\t\t\t<section class=\"elementor-section elementor-top-section elementor-element elementor-element-8145351 elementor-section-boxed elementor-section-height-default elementor-section-height-default\" data-id=\"8145351\" data-element_type=\"section\">\n\t\t\t\t\t\t<div class=\"elementor-container elementor-column-gap-no\">\n\t\t\t\t\t<div class=\"elementor-column elementor-col-100 elementor-top-column elementor-element elementor-element-ebd5952\" data-id=\"ebd5952\" data-element_type=\"column\">\n\t\t\t<div class=\"elementor-widget-wrap elementor-element-populated\">\n\t\t\t\t\t\t<div class=\"elementor-element elementor-element-157e466 elementor-widget elementor-widget-text-editor\" data-id=\"157e466\" data-element_type=\"widget\" data-widget_type=\"text-editor.default\">\n\t\t\t\t<div class=\"elementor-widget-container\">\n\t\t\t\t\t\t\t\t\t<h3>Vorteile f\u00fcr Sie als Aussteller<\/h3><p><strong>Sie geben Ihre Firmeninformationen schnell und einfach weiter<\/strong><\/p><p>Besucher erhalten Ihre Firmen- und Produktinformationen per E-Mail \u2013 ganz einfach durch die Ber\u00fchrung des Leseger\u00e4tes mit ihrem Besucherausweis. Sogar Besucher mit denen Sie keinen pers\u00f6nlichen Kontakt hatten, k\u00f6nnen dadurch Informationen \u00fcber Sie anfordern.<\/p><p><strong>Sie vermeiden Kosten und schonen Ressourcen<\/strong><\/p><p>Wenn Sie Ihre Firmen- und Produktinformationen digital zur Verf\u00fcgung stellen, ben\u00f6tigen Sie weniger Brosch\u00fcren, Kataloge oder andere Drucksachen. Dadurch sparen Sie Produktions- und Transportkosten. Zudem sammeln die Besucher weniger Material auf der Messe und damit reduziert sich die Gefahr, dass sie wichtige Unterlagen \u201cverlieren\u201d.<\/p><p><strong>Sie bieten Ihren Besuchern eine moderne interaktive Kommunikation<\/strong><\/p><p>Besucher, die Ihr Leseger\u00e4t mit dem Ausweis ber\u00fchren, erhalten Ihre Informationen digital. Dadurch k\u00f6nnen sie die Daten einfach mit Kollegen und Freunden via E-Mail oder in sozialen Netzwerken teilen.<br \/>Sie erleichtern Ihre Messenachbereitung<\/p><p>Sie erhalten eine elektronische Auflistung aller Besucher, die Ihre Informationen angefordert haben. Der zeitaufw\u00e4ndige Import von Visitenkarten oder Kontaktb\u00f6gen entf\u00e4llt.<\/p>\t\t\t\t\t\t\t\t<\/div>\n\t\t\t\t<\/div>\n\t\t\t\t\t<\/div>\n\t\t<\/div>\n\t\t\t\t\t<\/div>\n\t\t<\/section>\n\t\t\t\t<section class=\"elementor-section elementor-top-section elementor-element elementor-element-4c7781a elementor-section-full_width elementor-section-height-default elementor-section-height-default\" data-id=\"4c7781a\" data-element_type=\"section\">\n\t\t\t\t\t\t<div class=\"elementor-container elementor-column-gap-default\">\n\t\t\t\t\t<div class=\"elementor-column elementor-col-100 elementor-top-column elementor-element elementor-element-831c261\" data-id=\"831c261\" data-element_type=\"column\">\n\t\t\t<div class=\"elementor-widget-wrap elementor-element-populated\">\n\t\t\t\t\t\t<div class=\"elementor-element elementor-element-ca0c4a7 elementor-widget elementor-widget-text-editor\" data-id=\"ca0c4a7\" data-element_type=\"widget\" data-widget_type=\"text-editor.default\">\n\t\t\t\t<div class=\"elementor-widget-container\">\n\t\t\t\t\t\t\t\t\t<p><\/p>\t\t\t\t\t\t\t\t<\/div>\n\t\t\t\t<\/div>\n\t\t\t\t\t<\/div>\n\t\t<\/div>\n\t\t\t\t\t<\/div>\n\t\t<\/section>\n\t\t\t\t<section class=\"elementor-section elementor-top-section elementor-element elementor-element-95371be elementor-section-boxed elementor-section-height-default elementor-section-height-default\" data-id=\"95371be\" data-element_type=\"section\" data-settings=\"{&quot;background_background&quot;:&quot;classic&quot;}\">\n\t\t\t\t\t\t<div class=\"elementor-container elementor-column-gap-default\">\n\t\t\t\t\t<div class=\"elementor-column elementor-col-100 elementor-top-column elementor-element elementor-element-efa4539\" data-id=\"efa4539\" data-element_type=\"column\">\n\t\t\t<div class=\"elementor-widget-wrap elementor-element-populated\">\n\t\t\t\t\t\t<div class=\"elementor-element elementor-element-180c61b elementor-widget elementor-widget-text-editor\" data-id=\"180c61b\" data-element_type=\"widget\" data-widget_type=\"text-editor.default\">\n\t\t\t\t<div class=\"elementor-widget-container\">\n\t\t\t\t\t\t\t\t\t<p>\t\t<div data-elementor-type=\"section\" data-elementor-id=\"15313\" class=\"elementor elementor-15313\" data-elementor-post-type=\"elementor_library\">\n\t\t\t\t\t<section class=\"elementor-section elementor-inner-section elementor-element elementor-element-28a456f2 elementor-section-height-min-height elementor-section-content-middle elementor-section-boxed elementor-section-height-default\" data-id=\"28a456f2\" data-element_type=\"section\" data-settings=\"{&quot;background_background&quot;:&quot;classic&quot;}\">\n\t\t\t\t\t\t<div class=\"elementor-container elementor-column-gap-no\">\n\t\t\t\t\t<div class=\"elementor-column elementor-col-50 elementor-inner-column elementor-element elementor-element-67f6f721\" data-id=\"67f6f721\" data-element_type=\"column\">\n\t\t\t<div class=\"elementor-widget-wrap elementor-element-populated\">\n\t\t\t\t\t\t<div class=\"elementor-element elementor-element-6fd2c03d elementor-widget elementor-widget-heading\" data-id=\"6fd2c03d\" data-element_type=\"widget\" data-widget_type=\"heading.default\">\n\t\t\t\t<div class=\"elementor-widget-container\">\n\t\t\t\t\t<h5 class=\"elementor-heading-title elementor-size-default\">Wichtige Links\n<\/h5>\t\t\t\t<\/div>\n\t\t\t\t<\/div>\n\t\t\t\t<div class=\"elementor-element elementor-element-12cb4958 elementor-widget elementor-widget-heading\" data-id=\"12cb4958\" data-element_type=\"widget\" data-widget_type=\"heading.default\">\n\t\t\t\t<div class=\"elementor-widget-container\">\n\t\t\t\t\t<h2 class=\"elementor-heading-title elementor-size-default\">Service und weitere Infos.\n<\/h2>\t\t\t\t<\/div>\n\t\t\t\t<\/div>\n\t\t\t\t<div class=\"elementor-element elementor-element-5e4428c4 elementor-widget elementor-widget-text-editor\" data-id=\"5e4428c4\" data-element_type=\"widget\" data-widget_type=\"text-editor.default\">\n\t\t\t\t<div class=\"elementor-widget-container\">\n\t\t\t\t\t\t\t\t\t<header class=\"o-hero-card__header\"><\/header><div class=\"o-hero-card__body\"><p>M\u00f6chten Sie sich zu unseren Standgr\u00f6ssen beraten lassen?\u00a0Oder haben Sie Fragen zur Anmeldung? Falls Sie den gew\u00fcnschten Service<\/p><p>nicht finden, kontaktieren Sie uns direkt.<\/p><\/div>\t\t\t\t\t\t\t\t<\/div>\n\t\t\t\t<\/div>\n\t\t\t\t<div class=\"elementor-element elementor-element-3ea0694b elementor-widget elementor-widget-button\" data-id=\"3ea0694b\" data-element_type=\"widget\" data-widget_type=\"button.default\">\n\t\t\t\t<div class=\"elementor-widget-container\">\n\t\t\t\t\t\t\t\t\t<div class=\"elementor-button-wrapper\">\n\t\t\t\t\t<a class=\"elementor-button elementor-button-link elementor-size-sm\" href=\"mailto:emanuel.moreno@easyfairs.com\">\n\t\t\t\t\t\t<span class=\"elementor-button-content-wrapper\">\n\t\t\t\t\t\t<span class=\"elementor-button-icon\">\n\t\t\t\t<i aria-hidden=\"true\" class=\"fas fa-arrow-right\"><\/i>\t\t\t<\/span>\n\t\t\t\t\t\t\t\t\t<span class=\"elementor-button-text\">Hier Klicken<\/span>\n\t\t\t\t\t<\/span>\n\t\t\t\t\t<\/a>\n\t\t\t\t<\/div>\n\t\t\t\t\t\t\t\t<\/div>\n\t\t\t\t<\/div>\n\t\t\t\t\t<\/div>\n\t\t<\/div>\n\t\t\t\t<div class=\"elementor-column elementor-col-50 elementor-inner-column elementor-element elementor-element-72393ab8\" data-id=\"72393ab8\" data-element_type=\"column\" data-settings=\"{&quot;background_background&quot;:&quot;classic&quot;}\">\n\t\t\t<div class=\"elementor-widget-wrap elementor-element-populated\">\n\t\t\t\t\t\t<div class=\"elementor-element elementor-element-6323b479 elementor-align-left elementor-widget elementor-widget-button\" data-id=\"6323b479\" data-element_type=\"widget\" data-widget_type=\"button.default\">\n\t\t\t\t<div class=\"elementor-widget-container\">\n\t\t\t\t\t\t\t\t\t<div class=\"elementor-button-wrapper\">\n\t\t\t\t\t<a class=\"elementor-button elementor-button-link elementor-size-xs\" href=\"https:\/\/easyfairsassets.com\/sites\/93\/2022\/06\/Messerueckblick_2023_PumpsValves.pdf\" target=\"_blank\">\n\t\t\t\t\t\t<span class=\"elementor-button-content-wrapper\">\n\t\t\t\t\t\t<span class=\"elementor-button-icon\">\n\t\t\t\t<i aria-hidden=\"true\" class=\"fas fa-external-link-alt\"><\/i>\t\t\t<\/span>\n\t\t\t\t\t\t\t\t\t<span class=\"elementor-button-text\">Messer\u00fcckblick<\/span>\n\t\t\t\t\t<\/span>\n\t\t\t\t\t<\/a>\n\t\t\t\t<\/div>\n\t\t\t\t\t\t\t\t<\/div>\n\t\t\t\t<\/div>\n\t\t\t\t<div class=\"elementor-element elementor-element-7113cb5b elementor-align-left elementor-widget elementor-widget-button\" data-id=\"7113cb5b\" data-element_type=\"widget\" data-widget_type=\"button.default\">\n\t\t\t\t<div class=\"elementor-widget-container\">\n\t\t\t\t\t\t\t\t\t<div class=\"elementor-button-wrapper\">\n\t\t\t\t\t<a class=\"elementor-button elementor-button-link elementor-size-xs\" href=\"https:\/\/easyfairsassets.com\/sites\/93\/2022\/06\/PV_2027_Listenpreise.pdf\" target=\"_blank\">\n\t\t\t\t\t\t<span class=\"elementor-button-content-wrapper\">\n\t\t\t\t\t\t<span class=\"elementor-button-icon\">\n\t\t\t\t<i aria-hidden=\"true\" class=\"fas fa-external-link-alt\"><\/i>\t\t\t<\/span>\n\t\t\t\t\t\t\t\t\t<span class=\"elementor-button-text\">Anmeldeformular<\/span>\n\t\t\t\t\t<\/span>\n\t\t\t\t\t<\/a>\n\t\t\t\t<\/div>\n\t\t\t\t\t\t\t\t<\/div>\n\t\t\t\t<\/div>\n\t\t\t\t<div class=\"elementor-element elementor-element-5fe20c87 elementor-align-left elementor-widget elementor-widget-button\" data-id=\"5fe20c87\" data-element_type=\"widget\" data-widget_type=\"button.default\">\n\t\t\t\t<div class=\"elementor-widget-container\">\n\t\t\t\t\t\t\t\t\t<div class=\"elementor-button-wrapper\">\n\t\t\t\t\t<a class=\"elementor-button elementor-button-link elementor-size-xs\" href=\"https:\/\/easyfairsassets.com\/sites\/93\/2021\/12\/PV_Hallenplan_2027_Reservationen.pdf\" target=\"_blank\">\n\t\t\t\t\t\t<span class=\"elementor-button-content-wrapper\">\n\t\t\t\t\t\t<span class=\"elementor-button-icon\">\n\t\t\t\t<i aria-hidden=\"true\" class=\"fas fa-external-link-alt\"><\/i>\t\t\t<\/span>\n\t\t\t\t\t\t\t\t\t<span class=\"elementor-button-text\">Hallenplan<\/span>\n\t\t\t\t\t<\/span>\n\t\t\t\t\t<\/a>\n\t\t\t\t<\/div>\n\t\t\t\t\t\t\t\t<\/div>\n\t\t\t\t<\/div>\n\t\t\t\t<div class=\"elementor-element elementor-element-cd8277c elementor-align-left elementor-widget elementor-widget-button\" data-id=\"cd8277c\" data-element_type=\"widget\" data-widget_type=\"button.default\">\n\t\t\t\t<div class=\"elementor-widget-container\">\n\t\t\t\t\t\t\t\t\t<div class=\"elementor-button-wrapper\">\n\t\t\t\t\t<a class=\"elementor-button elementor-button-link elementor-size-xs\" href=\"https:\/\/www.pumps-valves.ch\/de\/touch-collect\/\" target=\"_blank\">\n\t\t\t\t\t\t<span class=\"elementor-button-content-wrapper\">\n\t\t\t\t\t\t<span class=\"elementor-button-icon\">\n\t\t\t\t<i aria-hidden=\"true\" class=\"fas fa-external-link-alt\"><\/i>\t\t\t<\/span>\n\t\t\t\t\t\t\t\t\t<span class=\"elementor-button-text\">Smart Badge Technology <\/span>\n\t\t\t\t\t<\/span>\n\t\t\t\t\t<\/a>\n\t\t\t\t<\/div>\n\t\t\t\t\t\t\t\t<\/div>\n\t\t\t\t<\/div>\n\t\t\t\t<div class=\"elementor-element elementor-element-7cd673c5 elementor-align-left elementor-widget elementor-widget-button\" data-id=\"7cd673c5\" data-element_type=\"widget\" data-widget_type=\"button.default\">\n\t\t\t\t<div class=\"elementor-widget-container\">\n\t\t\t\t\t\t\t\t\t<div class=\"elementor-button-wrapper\">\n\t\t\t\t\t<a class=\"elementor-button elementor-button-link elementor-size-xs\" href=\"https:\/\/my.easyfairs.com\/#\/login\" target=\"_blank\">\n\t\t\t\t\t\t<span class=\"elementor-button-content-wrapper\">\n\t\t\t\t\t\t<span class=\"elementor-button-icon\">\n\t\t\t\t<i aria-hidden=\"true\" class=\"fas fa-external-link-alt\"><\/i>\t\t\t<\/span>\n\t\t\t\t\t\t\t\t\t<span class=\"elementor-button-text\">Login My Easyfairs<\/span>\n\t\t\t\t\t<\/span>\n\t\t\t\t\t<\/a>\n\t\t\t\t<\/div>\n\t\t\t\t\t\t\t\t<\/div>\n\t\t\t\t<\/div>\n\t\t\t\t\t<\/div>\n\t\t<\/div>\n\t\t\t\t\t<\/div>\n\t\t<\/section>\n\t\t\t\t<\/div>\n\t\t<\/p>\t\t\t\t\t\t\t\t<\/div>\n\t\t\t\t<\/div>\n\t\t\t\t\t<\/div>\n\t\t<\/div>\n\t\t\t\t\t<\/div>\n\t\t<\/section>\n\t\t\t\t<\/div>\n\t\t","protected":false},"excerpt":{"rendered":"<p>Touch &#038; Collect Machen Sie aus Ihren Besuchern hochqualifizierte Kontakte Als Teil Ihres EasyGo Paketes, erhalten alle Aussteller ein NFC-Leseger\u00e4t, um den Gesamteindruck f\u00fcr Besucher zu steigern. Das drahtlose Leseger\u00e4t an Ihrem Stand \u00fcbertr\u00e4gt Ihre Produkt- und Firmeninformationen, die Sie in Ihrem\u00a0MyEasyfairs\u00a0Account hochgeladen haben, digital an die Besucher. mehr lesen Informationen f\u00fcr Aussteller Wie funktioniert&#8217;s?\u200b [&hellip;]<\/p>\n","protected":false},"author":1,"featured_media":0,"parent":0,"menu_order":0,"comment_status":"closed","ping_status":"closed","template":"","meta":{"_seopress_robots_primary_cat":"","_seopress_titles_title":"","_seopress_titles_desc":"%%post_excerpt%%","_seopress_robots_index":"","footnotes":""},"class_list":["post-1553","page","type-page","status-publish","hentry"],"_links":{"self":[{"href":"https:\/\/www.pumps-valves.ch\/de\/wp-json\/wp\/v2\/pages\/1553","targetHints":{"allow":["GET"]}}],"collection":[{"href":"https:\/\/www.pumps-valves.ch\/de\/wp-json\/wp\/v2\/pages"}],"about":[{"href":"https:\/\/www.pumps-valves.ch\/de\/wp-json\/wp\/v2\/types\/page"}],"author":[{"embeddable":true,"href":"https:\/\/www.pumps-valves.ch\/de\/wp-json\/wp\/v2\/users\/1"}],"replies":[{"embeddable":true,"href":"https:\/\/www.pumps-valves.ch\/de\/wp-json\/wp\/v2\/comments?post=1553"}],"version-history":[{"count":5,"href":"https:\/\/www.pumps-valves.ch\/de\/wp-json\/wp\/v2\/pages\/1553\/revisions"}],"predecessor-version":[{"id":22807,"href":"https:\/\/www.pumps-valves.ch\/de\/wp-json\/wp\/v2\/pages\/1553\/revisions\/22807"}],"wp:attachment":[{"href":"https:\/\/www.pumps-valves.ch\/de\/wp-json\/wp\/v2\/media?parent=1553"}],"curies":[{"name":"wp","href":"https:\/\/api.w.org\/{rel}","templated":true}]}}